{"id":3175,"date":"2019-01-19T21:30:22","date_gmt":"2019-01-19T21:30:22","guid":{"rendered":"http:\/\/lamascoteriaonline.co\/shop\/?post_type=product&#038;p=3175"},"modified":"2023-06-03T16:03:39","modified_gmt":"2023-06-03T16:03:39","slug":"diamond-natural-indoor-cat","status":"publish","type":"product","link":"https:\/\/lamascoteriaonline.co\/shop\/product\/diamond-natural-indoor-cat\/","title":{"rendered":"Diamond Natural Indoor Cat"},"content":{"rendered":"<h6 id=\"tw-target-text\" class=\"tw-data-text tw-text-large tw-ta\" dir=\"ltr\" data-placeholder=\"Traducci\u00f3n\"><span class=\"Y2IQFc\" lang=\"es\">Diamond Naturals Indoor Cat Chicken &amp; Rice Formula est\u00e1 espec\u00edficamente formulado para satisfacer las necesidades diarias de su gato mientras promueve una condici\u00f3n corporal ideal. Los \u00e1cidos grasos omega-6 y omega-3 ayudan a mantener la piel y el pelaje sanos y brillantes. La fibra a\u00f1adida ayuda a mantener un sistema digestivo saludable. <\/span><\/h6>\n","protected":false},"excerpt":{"rendered":"<p>Diamond Naturals Indoor Cat Chicken &amp; Rice Formula est\u00e1 espec\u00edficamente formulado para satisfacer las necesidades diarias de su gato mientras promueve una condici\u00f3n corporal ideal. Los \u00e1cidos grasos omega-6 y omega-3 ayudan a mantener la piel y el pelaje sanos y brillantes. La fibra a\u00f1adida ayuda a mantener un sistema digestivo saludable.<\/p>\n","protected":false},"featured_media":3178,"comment_status":"open","ping_status":"closed","template":"","meta":{"_et_pb_use_builder":"","_et_pb_old_content":"","_et_gb_content_width":"","_joinchat":[]},"product_brand":[],"product_cat":[105],"product_tag":[],"class_list":{"0":"post-3175","1":"product","2":"type-product","3":"status-publish","4":"has-post-thumbnail","6":"product_cat-gatos-seco-diamond-naturalis","8":"first","9":"instock","10":"shipping-taxable","11":"purchasable","12":"product-type-variable"},"_links":{"self":[{"href":"https:\/\/lamascoteriaonline.co\/shop\/wp-json\/wp\/v2\/product\/3175","targetHints":{"allow":["GET"]}}],"collection":[{"href":"https:\/\/lamascoteriaonline.co\/shop\/wp-json\/wp\/v2\/product"}],"about":[{"href":"https:\/\/lamascoteriaonline.co\/shop\/wp-json\/wp\/v2\/types\/product"}],"replies":[{"embeddable":true,"href":"https:\/\/lamascoteriaonline.co\/shop\/wp-json\/wp\/v2\/comments?post=3175"}],"wp:featuredmedia":[{"embeddable":true,"href":"https:\/\/lamascoteriaonline.co\/shop\/wp-json\/wp\/v2\/media\/3178"}],"wp:attachment":[{"href":"https:\/\/lamascoteriaonline.co\/shop\/wp-json\/wp\/v2\/media?parent=3175"}],"wp:term":[{"taxonomy":"product_brand","embeddable":true,"href":"https:\/\/lamascoteriaonline.co\/shop\/wp-json\/wp\/v2\/product_brand?post=3175"},{"taxonomy":"product_cat","embeddable":true,"href":"https:\/\/lamascoteriaonline.co\/shop\/wp-json\/wp\/v2\/product_cat?post=3175"},{"taxonomy":"product_tag","embeddable":true,"href":"https:\/\/lamascoteriaonline.co\/shop\/wp-json\/wp\/v2\/product_tag?post=3175"}],"curies":[{"name":"wp","href":"https:\/\/api.w.org\/{rel}","templated":true}]}}