{"id":3167,"date":"2019-01-19T21:21:42","date_gmt":"2019-01-19T21:21:42","guid":{"rendered":"http:\/\/lamascoteriaonline.co\/shop\/?post_type=product&#038;p=3167"},"modified":"2024-10-09T17:25:31","modified_gmt":"2024-10-09T17:25:31","slug":"country-value-gato","status":"publish","type":"product","link":"https:\/\/lamascoteriaonline.co\/shop\/product\/country-value-gato\/","title":{"rendered":"Country Value Gato"},"content":{"rendered":"<p>El gran sabor del pollo, perfecto para tu gato: Como todo carn\u00edvoro, tu gato adorar\u00e1 el sabor de la harina de pollo, una fuente Premium de prote\u00edna. Grasa de pollo de alta calidad: Fuente superior de energ\u00eda para gatos adultos, m\u00e1s la adici\u00f3n de \u00e1cido linoleico para piel y pelo saludables. Balance Correcto de Vitaminas y Minerales: Esencial para el correcto funcionamiento de todos los sistemas y \u00f3rganos, asegurando la salud a largo plazo. Frescura Natural: Alimento preservado con tocoferoles mezclados (una forma de vitamina E). Fortificado con Taurina: Taurina, un amino\u00e1cido esencial para que los gatos tengan una buena salud y funcionamiento de la vista y el coraz\u00f3n. La f\u00f3rmula de country value para gatos es complementada con taurina para promover esta condici\u00f3n. Forma especial de la croqueta: Su f\u00f3rmula especial de croqueta en &#8220;X&#8221; es f\u00e1cil de masticar y ayuda a la limpieza dental<\/p>\n","protected":false},"excerpt":{"rendered":"<p>El gran sabor del pollo, perfecto para tu gato: Como todo carn\u00edvoro, tu gato adorar\u00e1 el sabor de la harina de pollo, una fuente Premium de prote\u00edna. Grasa de pollo de alta calidad: Fuente superior de energ\u00eda para gatos adultos, m\u00e1s la adici\u00f3n de \u00e1cido linoleico para piel y pelo saludables. Balance Correcto de Vitaminas [&hellip;]<\/p>\n","protected":false},"featured_media":3168,"comment_status":"open","ping_status":"closed","template":"","meta":{"_et_pb_use_builder":"","_et_pb_old_content":"","_et_gb_content_width":"","_joinchat":[]},"product_brand":[],"product_cat":[104],"product_tag":[],"class_list":{"0":"post-3167","1":"product","2":"type-product","3":"status-publish","4":"has-post-thumbnail","6":"product_cat-gatos-seco-country-value","8":"first","9":"instock","10":"shipping-taxable","11":"purchasable","12":"product-type-variable"},"_links":{"self":[{"href":"https:\/\/lamascoteriaonline.co\/shop\/wp-json\/wp\/v2\/product\/3167","targetHints":{"allow":["GET"]}}],"collection":[{"href":"https:\/\/lamascoteriaonline.co\/shop\/wp-json\/wp\/v2\/product"}],"about":[{"href":"https:\/\/lamascoteriaonline.co\/shop\/wp-json\/wp\/v2\/types\/product"}],"replies":[{"embeddable":true,"href":"https:\/\/lamascoteriaonline.co\/shop\/wp-json\/wp\/v2\/comments?post=3167"}],"wp:featuredmedia":[{"embeddable":true,"href":"https:\/\/lamascoteriaonline.co\/shop\/wp-json\/wp\/v2\/media\/3168"}],"wp:attachment":[{"href":"https:\/\/lamascoteriaonline.co\/shop\/wp-json\/wp\/v2\/media?parent=3167"}],"wp:term":[{"taxonomy":"product_brand","embeddable":true,"href":"https:\/\/lamascoteriaonline.co\/shop\/wp-json\/wp\/v2\/product_brand?post=3167"},{"taxonomy":"product_cat","embeddable":true,"href":"https:\/\/lamascoteriaonline.co\/shop\/wp-json\/wp\/v2\/product_cat?post=3167"},{"taxonomy":"product_tag","embeddable":true,"href":"https:\/\/lamascoteriaonline.co\/shop\/wp-json\/wp\/v2\/product_tag?post=3167"}],"curies":[{"name":"wp","href":"https:\/\/api.w.org\/{rel}","templated":true}]}}