{"id":3130,"date":"2019-01-19T13:41:03","date_gmt":"2019-01-19T13:41:03","guid":{"rendered":"http:\/\/lamascoteriaonline.co\/shop\/?post_type=product&#038;p=3130"},"modified":"2023-06-28T21:48:17","modified_gmt":"2023-06-28T21:48:17","slug":"naturalis-gatitos-pescado-y-pollo-1kg","status":"publish","type":"product","link":"https:\/\/lamascoteriaonline.co\/shop\/product\/naturalis-gatitos-pescado-y-pollo-1kg\/","title":{"rendered":"Naturalis Gatitos Pescado y Pollo"},"content":{"rendered":"<p>Alimento 100% natural para gatitos en etapa de crecimiento (hasta 1 a\u00f1o). Sin colorantes ni conservantes artificiales.<\/p>\n<ul>\n<li>AYUDA EN EL CRECIMIENTO: Balanceado para un crecimiento fuerte y saludable.<\/li>\n<li>AYUDA EN LA FORMACI\u00d3N: Enriquecido con calcio para la formaci\u00f3n de los huesos y dientes.<\/li>\n<li>ENERG\u00cdA Y VITALIDAD: Provenientes de las vitaminas y minerales en su composici\u00f3n.<\/li>\n<\/ul>\n","protected":false},"excerpt":{"rendered":"<p>Alimento 100% natural para gatitos en etapa de crecimiento (hasta 1 a\u00f1o). Sin colorantes ni conservantes artificiales. AYUDA EN EL CRECIMIENTO: Balanceado para un crecimiento fuerte y saludable. AYUDA EN LA FORMACI\u00d3N: Enriquecido con calcio para la formaci\u00f3n de los huesos y dientes. ENERG\u00cdA Y VITALIDAD: Provenientes de las vitaminas y minerales en su composici\u00f3n.<\/p>\n","protected":false},"featured_media":10084,"comment_status":"open","ping_status":"closed","template":"","meta":{"_et_pb_use_builder":"","_et_pb_old_content":"","_et_gb_content_width":"","_joinchat":[]},"product_brand":[],"product_cat":[102],"product_tag":[],"class_list":{"0":"post-3130","1":"product","2":"type-product","3":"status-publish","4":"has-post-thumbnail","6":"product_cat-gatos-seco-naturalis","8":"first","9":"instock","10":"shipping-taxable","11":"purchasable","12":"product-type-variable"},"_links":{"self":[{"href":"https:\/\/lamascoteriaonline.co\/shop\/wp-json\/wp\/v2\/product\/3130","targetHints":{"allow":["GET"]}}],"collection":[{"href":"https:\/\/lamascoteriaonline.co\/shop\/wp-json\/wp\/v2\/product"}],"about":[{"href":"https:\/\/lamascoteriaonline.co\/shop\/wp-json\/wp\/v2\/types\/product"}],"replies":[{"embeddable":true,"href":"https:\/\/lamascoteriaonline.co\/shop\/wp-json\/wp\/v2\/comments?post=3130"}],"wp:featuredmedia":[{"embeddable":true,"href":"https:\/\/lamascoteriaonline.co\/shop\/wp-json\/wp\/v2\/media\/10084"}],"wp:attachment":[{"href":"https:\/\/lamascoteriaonline.co\/shop\/wp-json\/wp\/v2\/media?parent=3130"}],"wp:term":[{"taxonomy":"product_brand","embeddable":true,"href":"https:\/\/lamascoteriaonline.co\/shop\/wp-json\/wp\/v2\/product_brand?post=3130"},{"taxonomy":"product_cat","embeddable":true,"href":"https:\/\/lamascoteriaonline.co\/shop\/wp-json\/wp\/v2\/product_cat?post=3130"},{"taxonomy":"product_tag","embeddable":true,"href":"https:\/\/lamascoteriaonline.co\/shop\/wp-json\/wp\/v2\/product_tag?post=3130"}],"curies":[{"name":"wp","href":"https:\/\/api.w.org\/{rel}","templated":true}]}}