{"id":3106,"date":"2019-01-16T23:12:02","date_gmt":"2019-01-16T23:12:02","guid":{"rendered":"http:\/\/lamascoteriaonline.co\/shop\/?post_type=product&#038;p=3106"},"modified":"2023-06-03T15:48:20","modified_gmt":"2023-06-03T15:48:20","slug":"diamond-natural-small-breed-lamb-rice","status":"publish","type":"product","link":"https:\/\/lamascoteriaonline.co\/shop\/product\/diamond-natural-small-breed-lamb-rice\/","title":{"rendered":"Diamond Natural Small Breed Lamb &#038; Rice"},"content":{"rendered":"<h6 id=\"tw-target-text\" class=\"tw-data-text tw-text-large tw-ta\" dir=\"ltr\" data-placeholder=\"Traducci\u00f3n\"><span class=\"Y2IQFc\" lang=\"es\">El cordero criado en pastos es una excelente fuente de prote\u00edna de alta calidad La croqueta peque\u00f1a es f\u00e1cil de recoger y masticar y ayuda a reducir la placa Nutrientes equilibrados necesarios para perros de razas peque\u00f1as Mejorado con superalimentos y probi\u00f3ticos Prote\u00edna: 25% Grasa: 15% Calor\u00edas: 3650 kcal\/kg (342 kcal\/taza) Energ\u00eda Metabolizable Calculada<\/span><\/h6>\n","protected":false},"excerpt":{"rendered":"<p>El cordero criado en pastos es una excelente fuente de prote\u00edna de alta calidad La croqueta peque\u00f1a es f\u00e1cil de recoger y masticar y ayuda a reducir la placa Nutrientes equilibrados necesarios para perros de razas peque\u00f1as Mejorado con superalimentos y probi\u00f3ticos Prote\u00edna: 25% Grasa: 15% Calor\u00edas: 3650 kcal\/kg (342 kcal\/taza) Energ\u00eda Metabolizable Calculada<\/p>\n","protected":false},"featured_media":3110,"comment_status":"open","ping_status":"closed","template":"","meta":{"_et_pb_use_builder":"","_et_pb_old_content":"","_et_gb_content_width":"","_joinchat":[]},"product_brand":[],"product_cat":[99],"product_tag":[],"class_list":{"0":"post-3106","1":"product","2":"type-product","3":"status-publish","4":"has-post-thumbnail","6":"product_cat-perro-seco-diamond-naturals","8":"first","9":"instock","10":"shipping-taxable","11":"purchasable","12":"product-type-variable"},"_links":{"self":[{"href":"https:\/\/lamascoteriaonline.co\/shop\/wp-json\/wp\/v2\/product\/3106","targetHints":{"allow":["GET"]}}],"collection":[{"href":"https:\/\/lamascoteriaonline.co\/shop\/wp-json\/wp\/v2\/product"}],"about":[{"href":"https:\/\/lamascoteriaonline.co\/shop\/wp-json\/wp\/v2\/types\/product"}],"replies":[{"embeddable":true,"href":"https:\/\/lamascoteriaonline.co\/shop\/wp-json\/wp\/v2\/comments?post=3106"}],"wp:featuredmedia":[{"embeddable":true,"href":"https:\/\/lamascoteriaonline.co\/shop\/wp-json\/wp\/v2\/media\/3110"}],"wp:attachment":[{"href":"https:\/\/lamascoteriaonline.co\/shop\/wp-json\/wp\/v2\/media?parent=3106"}],"wp:term":[{"taxonomy":"product_brand","embeddable":true,"href":"https:\/\/lamascoteriaonline.co\/shop\/wp-json\/wp\/v2\/product_brand?post=3106"},{"taxonomy":"product_cat","embeddable":true,"href":"https:\/\/lamascoteriaonline.co\/shop\/wp-json\/wp\/v2\/product_cat?post=3106"},{"taxonomy":"product_tag","embeddable":true,"href":"https:\/\/lamascoteriaonline.co\/shop\/wp-json\/wp\/v2\/product_tag?post=3106"}],"curies":[{"name":"wp","href":"https:\/\/api.w.org\/{rel}","templated":true}]}}