{"id":3094,"date":"2019-01-16T22:53:59","date_gmt":"2019-01-16T22:53:59","guid":{"rendered":"http:\/\/lamascoteriaonline.co\/shop\/?post_type=product&#038;p=3094"},"modified":"2023-06-03T15:44:48","modified_gmt":"2023-06-03T15:44:48","slug":"diamond-natural-small-breed-puppy","status":"publish","type":"product","link":"https:\/\/lamascoteriaonline.co\/shop\/product\/diamond-natural-small-breed-puppy\/","title":{"rendered":"Diamond Natural Small Breed Puppy"},"content":{"rendered":"<h6 id=\"tw-target-text\" class=\"tw-data-text tw-text-large tw-ta\" dir=\"ltr\" data-placeholder=\"Traducci\u00f3n\"><span class=\"Y2IQFc\" lang=\"es\">Ideal para cachorros y perros adultos lactantes. Peque\u00f1a croqueta para dientes peque\u00f1os DHA para el desarrollo adecuado del cerebro y la visi\u00f3n Equilibrio de grasas, prote\u00ednas y otros nutrientes esenciales para un crecimiento adecuado Mejorado con superalimentos y probi\u00f3ticos Prote\u00edna: 32% Grasa: 22% Calor\u00edas: 3,995 kcal\/kg (419 kcal\/taza) Energ\u00eda Metabolizable Calculada<\/span><\/h6>\n","protected":false},"excerpt":{"rendered":"<p>Ideal para cachorros y perros adultos lactantes. Peque\u00f1a croqueta para dientes peque\u00f1os DHA para el desarrollo adecuado del cerebro y la visi\u00f3n Equilibrio de grasas, prote\u00ednas y otros nutrientes esenciales para un crecimiento adecuado Mejorado con superalimentos y probi\u00f3ticos Prote\u00edna: 32% Grasa: 22% Calor\u00edas: 3,995 kcal\/kg (419 kcal\/taza) Energ\u00eda Metabolizable Calculada<\/p>\n","protected":false},"featured_media":3095,"comment_status":"open","ping_status":"closed","template":"","meta":{"_et_pb_use_builder":"","_et_pb_old_content":"","_et_gb_content_width":"","_joinchat":[]},"product_brand":[],"product_cat":[99],"product_tag":[],"class_list":{"0":"post-3094","1":"product","2":"type-product","3":"status-publish","4":"has-post-thumbnail","6":"product_cat-perro-seco-diamond-naturals","8":"first","9":"instock","10":"shipping-taxable","11":"purchasable","12":"product-type-variable"},"_links":{"self":[{"href":"https:\/\/lamascoteriaonline.co\/shop\/wp-json\/wp\/v2\/product\/3094","targetHints":{"allow":["GET"]}}],"collection":[{"href":"https:\/\/lamascoteriaonline.co\/shop\/wp-json\/wp\/v2\/product"}],"about":[{"href":"https:\/\/lamascoteriaonline.co\/shop\/wp-json\/wp\/v2\/types\/product"}],"replies":[{"embeddable":true,"href":"https:\/\/lamascoteriaonline.co\/shop\/wp-json\/wp\/v2\/comments?post=3094"}],"wp:featuredmedia":[{"embeddable":true,"href":"https:\/\/lamascoteriaonline.co\/shop\/wp-json\/wp\/v2\/media\/3095"}],"wp:attachment":[{"href":"https:\/\/lamascoteriaonline.co\/shop\/wp-json\/wp\/v2\/media?parent=3094"}],"wp:term":[{"taxonomy":"product_brand","embeddable":true,"href":"https:\/\/lamascoteriaonline.co\/shop\/wp-json\/wp\/v2\/product_brand?post=3094"},{"taxonomy":"product_cat","embeddable":true,"href":"https:\/\/lamascoteriaonline.co\/shop\/wp-json\/wp\/v2\/product_cat?post=3094"},{"taxonomy":"product_tag","embeddable":true,"href":"https:\/\/lamascoteriaonline.co\/shop\/wp-json\/wp\/v2\/product_tag?post=3094"}],"curies":[{"name":"wp","href":"https:\/\/api.w.org\/{rel}","templated":true}]}}