{"id":3055,"date":"2019-01-14T23:17:01","date_gmt":"2019-01-14T23:17:01","guid":{"rendered":"http:\/\/lamascoteriaonline.co\/shop\/?post_type=product&#038;p=3055"},"modified":"2019-01-14T23:18:45","modified_gmt":"2019-01-14T23:18:45","slug":"dental-fresh-original-gato-8onzas","status":"publish","type":"product","link":"https:\/\/lamascoteriaonline.co\/shop\/product\/dental-fresh-original-gato-8onzas\/","title":{"rendered":"Dental Fresh Original Gato 8onzas"},"content":{"rendered":"<p>Aditivo para el agua de bebida cl\u00ednicamente comprobado. Indicado para ayudar la salud e higiene bucal en los gatos. Sin alcohol, sin az\u00facar, sin detergentes y sin sabores picantes de menta.<\/p>\n<ul>\n<li>La f\u00f3rmula se activa al contacto con la placa bacteriana y los g\u00e9rmenes en la cavidad oral, eliminando bacterias y el mal olor causado por ellas.<\/li>\n<li>Blanquea los dientes con el tiempo con un uso adecuado y frecuente.<\/li>\n<li>Fortalece los dientes restaurando el esmalte.<\/li>\n<li>Protege las enc\u00edas y ayuda a prevenir y tratar la gingivitis.<\/li>\n<li>Al instante refresca el aliento y elimina la baba (bacterias) en el bebedero.<\/li>\n<li>Elimina la placa y el sarro.<\/li>\n<li>Ayuda de forma segura a combatir la enfermedad periodontal sin cepillado y sin efectos adversos en los tejidos periodontales.<\/li>\n<\/ul>\n","protected":false},"excerpt":{"rendered":"<p>Aditivo para el agua de bebida cl\u00ednicamente comprobado. Indicado para ayudar la salud e higiene bucal en los gatos. Sin alcohol, sin az\u00facar, sin detergentes y sin sabores picantes de menta. La f\u00f3rmula se activa al contacto con la placa bacteriana y los g\u00e9rmenes en la cavidad oral, eliminando bacterias y el mal olor causado [&hellip;]<\/p>\n","protected":false},"featured_media":3056,"comment_status":"open","ping_status":"closed","template":"","meta":{"_et_pb_use_builder":"","_et_pb_old_content":"","_et_gb_content_width":"","_joinchat":[]},"product_brand":[],"product_cat":[95],"product_tag":[],"class_list":{"0":"post-3055","1":"product","2":"type-product","3":"status-publish","4":"has-post-thumbnail","6":"product_cat-gato-higiene-varios","8":"first","9":"instock","10":"shipping-taxable","11":"purchasable","12":"product-type-simple"},"_links":{"self":[{"href":"https:\/\/lamascoteriaonline.co\/shop\/wp-json\/wp\/v2\/product\/3055","targetHints":{"allow":["GET"]}}],"collection":[{"href":"https:\/\/lamascoteriaonline.co\/shop\/wp-json\/wp\/v2\/product"}],"about":[{"href":"https:\/\/lamascoteriaonline.co\/shop\/wp-json\/wp\/v2\/types\/product"}],"replies":[{"embeddable":true,"href":"https:\/\/lamascoteriaonline.co\/shop\/wp-json\/wp\/v2\/comments?post=3055"}],"wp:featuredmedia":[{"embeddable":true,"href":"https:\/\/lamascoteriaonline.co\/shop\/wp-json\/wp\/v2\/media\/3056"}],"wp:attachment":[{"href":"https:\/\/lamascoteriaonline.co\/shop\/wp-json\/wp\/v2\/media?parent=3055"}],"wp:term":[{"taxonomy":"product_brand","embeddable":true,"href":"https:\/\/lamascoteriaonline.co\/shop\/wp-json\/wp\/v2\/product_brand?post=3055"},{"taxonomy":"product_cat","embeddable":true,"href":"https:\/\/lamascoteriaonline.co\/shop\/wp-json\/wp\/v2\/product_cat?post=3055"},{"taxonomy":"product_tag","embeddable":true,"href":"https:\/\/lamascoteriaonline.co\/shop\/wp-json\/wp\/v2\/product_tag?post=3055"}],"curies":[{"name":"wp","href":"https:\/\/api.w.org\/{rel}","templated":true}]}}