{"id":2939,"date":"2019-01-10T22:26:08","date_gmt":"2019-01-10T22:26:08","guid":{"rendered":"http:\/\/lamascoteriaonline.co\/shop\/?post_type=product&#038;p=2939"},"modified":"2023-06-28T20:41:47","modified_gmt":"2023-06-28T20:41:47","slug":"hills-gato-i-d-55-onzas","status":"publish","type":"product","link":"https:\/\/lamascoteriaonline.co\/shop\/product\/hills-gato-i-d-55-onzas\/","title":{"rendered":"HIlls Gato I\/D 5,5 onzas"},"content":{"rendered":"<p>Alimento h\u00famedo especialmente formulado para ayudar a mejorar la digesti\u00f3n y calidad de las heces en gatos. Requiere la prescipci\u00f3n de un m\u00e9dico veterinario<\/p>\n<ul>\n<li>Favorece la regularidad y salud intestinal.<\/li>\n<li>Promueve el crecimiento de bacterias ben\u00e9ficas en el intestino.<\/li>\n<li>Repone los nutrientes perdidos y asegura una f\u00e1cil absorci\u00f3n de nutrientes.<\/li>\n<li>Apoya un sistema inmunol\u00f3gico sano.<\/li>\n<li>Formulado para reducir el riesgo de piedras de estruvita y oxalato.<\/li>\n<li>Satisface las necesidades nutricionales especiales de gatitos y gatos adultos.<\/li>\n<\/ul>\n","protected":false},"excerpt":{"rendered":"<p>Alimento h\u00famedo especialmente formulado para ayudar a mejorar la digesti\u00f3n y calidad de las heces en gatos. Requiere la prescipci\u00f3n de un m\u00e9dico veterinario Favorece la regularidad y salud intestinal. Promueve el crecimiento de bacterias ben\u00e9ficas en el intestino. Repone los nutrientes perdidos y asegura una f\u00e1cil absorci\u00f3n de nutrientes. Apoya un sistema inmunol\u00f3gico sano. [&hellip;]<\/p>\n","protected":false},"featured_media":9958,"comment_status":"open","ping_status":"closed","template":"","meta":{"_et_pb_use_builder":"","_et_pb_old_content":"","_et_gb_content_width":"","_joinchat":[]},"product_brand":[],"product_cat":[84],"product_tag":[],"class_list":{"0":"post-2939","1":"product","2":"type-product","3":"status-publish","4":"has-post-thumbnail","6":"product_cat-hills-humedo-gatos","8":"first","9":"instock","10":"shipping-taxable","11":"purchasable","12":"product-type-simple"},"_links":{"self":[{"href":"https:\/\/lamascoteriaonline.co\/shop\/wp-json\/wp\/v2\/product\/2939","targetHints":{"allow":["GET"]}}],"collection":[{"href":"https:\/\/lamascoteriaonline.co\/shop\/wp-json\/wp\/v2\/product"}],"about":[{"href":"https:\/\/lamascoteriaonline.co\/shop\/wp-json\/wp\/v2\/types\/product"}],"replies":[{"embeddable":true,"href":"https:\/\/lamascoteriaonline.co\/shop\/wp-json\/wp\/v2\/comments?post=2939"}],"wp:featuredmedia":[{"embeddable":true,"href":"https:\/\/lamascoteriaonline.co\/shop\/wp-json\/wp\/v2\/media\/9958"}],"wp:attachment":[{"href":"https:\/\/lamascoteriaonline.co\/shop\/wp-json\/wp\/v2\/media?parent=2939"}],"wp:term":[{"taxonomy":"product_brand","embeddable":true,"href":"https:\/\/lamascoteriaonline.co\/shop\/wp-json\/wp\/v2\/product_brand?post=2939"},{"taxonomy":"product_cat","embeddable":true,"href":"https:\/\/lamascoteriaonline.co\/shop\/wp-json\/wp\/v2\/product_cat?post=2939"},{"taxonomy":"product_tag","embeddable":true,"href":"https:\/\/lamascoteriaonline.co\/shop\/wp-json\/wp\/v2\/product_tag?post=2939"}],"curies":[{"name":"wp","href":"https:\/\/api.w.org\/{rel}","templated":true}]}}