{"id":2846,"date":"2019-01-07T17:52:34","date_gmt":"2019-01-07T17:52:34","guid":{"rendered":"http:\/\/lamascoteriaonline.co\/shop\/?post_type=product&#038;p=2846"},"modified":"2023-07-01T16:44:24","modified_gmt":"2023-07-01T16:44:24","slug":"fancy-feast-petits-pollo-queso-85gr","status":"publish","type":"product","link":"https:\/\/lamascoteriaonline.co\/shop\/product\/fancy-feast-petits-pollo-queso-85gr\/","title":{"rendered":"Fancy Feast Petits Pollo Queso 85gr"},"content":{"rendered":"<p>Caldo de pollo, carne de pollo, h\u00edgado de cerdo, gluten de trigo, v\u00edsceras de cerdo, almid\u00f3n de ma\u00edz modificado, queso cheddar, saborizante c\u00e1rnico artificial y natural, sal, fosfato tric\u00e1lcico, caseinato de sodio, concentrado de prote\u00edna de soya, aceite de soya, colorantes (di\u00f3xido de titanio, annatto), cloruro de potasio, suero de leche deshidratado, taurina, tripolifosfato de sodio, sulfato de magnesio, cloruro de colina, mononitrato de tiamina, suplemento de vitamina E, sulfato de zinc, niacina, sulfato ferroso, \u00e1cido s\u00f3rbico (como conservante), pantotenato de calcio, suplemento de vitamina A, complejo s\u00f3dico de bisulfito de menadiona (fuente de actividad de vitamina K), hidrocloruro de piridoxina, sulfato de cobre, sulfato de manganeso, suplemento de riboflavina, suplemento de vitamina B-12, biotina, \u00e1cido f\u00f3lico, suplemento de vitamina D-3, ioduro de potasio.<\/p>\n","protected":false},"excerpt":{"rendered":"<p>Caldo de pollo, carne de pollo, h\u00edgado de cerdo, gluten de trigo, v\u00edsceras de cerdo, almid\u00f3n de ma\u00edz modificado, queso cheddar, saborizante c\u00e1rnico artificial y natural, sal, fosfato tric\u00e1lcico, caseinato de sodio, concentrado de prote\u00edna de soya, aceite de soya, colorantes (di\u00f3xido de titanio, annatto), cloruro de potasio, suero de leche deshidratado, taurina, tripolifosfato de [&hellip;]<\/p>\n","protected":false},"featured_media":2847,"comment_status":"open","ping_status":"closed","template":"","meta":{"_et_pb_use_builder":"","_et_pb_old_content":"","_et_gb_content_width":"","_joinchat":[]},"product_brand":[],"product_cat":[78],"product_tag":[],"class_list":{"0":"post-2846","1":"product","2":"type-product","3":"status-publish","4":"has-post-thumbnail","6":"product_cat-fancy","8":"first","9":"instock","10":"shipping-taxable","11":"purchasable","12":"product-type-simple"},"_links":{"self":[{"href":"https:\/\/lamascoteriaonline.co\/shop\/wp-json\/wp\/v2\/product\/2846","targetHints":{"allow":["GET"]}}],"collection":[{"href":"https:\/\/lamascoteriaonline.co\/shop\/wp-json\/wp\/v2\/product"}],"about":[{"href":"https:\/\/lamascoteriaonline.co\/shop\/wp-json\/wp\/v2\/types\/product"}],"replies":[{"embeddable":true,"href":"https:\/\/lamascoteriaonline.co\/shop\/wp-json\/wp\/v2\/comments?post=2846"}],"wp:featuredmedia":[{"embeddable":true,"href":"https:\/\/lamascoteriaonline.co\/shop\/wp-json\/wp\/v2\/media\/2847"}],"wp:attachment":[{"href":"https:\/\/lamascoteriaonline.co\/shop\/wp-json\/wp\/v2\/media?parent=2846"}],"wp:term":[{"taxonomy":"product_brand","embeddable":true,"href":"https:\/\/lamascoteriaonline.co\/shop\/wp-json\/wp\/v2\/product_brand?post=2846"},{"taxonomy":"product_cat","embeddable":true,"href":"https:\/\/lamascoteriaonline.co\/shop\/wp-json\/wp\/v2\/product_cat?post=2846"},{"taxonomy":"product_tag","embeddable":true,"href":"https:\/\/lamascoteriaonline.co\/shop\/wp-json\/wp\/v2\/product_tag?post=2846"}],"curies":[{"name":"wp","href":"https:\/\/api.w.org\/{rel}","templated":true}]}}