{"id":2842,"date":"2019-01-07T17:47:11","date_gmt":"2019-01-07T17:47:11","guid":{"rendered":"http:\/\/lamascoteriaonline.co\/shop\/?post_type=product&#038;p=2842"},"modified":"2023-07-01T16:44:05","modified_gmt":"2023-07-01T16:44:05","slug":"fancy-feast-mousse-pescado-camaron-pate","status":"publish","type":"product","link":"https:\/\/lamascoteriaonline.co\/shop\/product\/fancy-feast-mousse-pescado-camaron-pate\/","title":{"rendered":"Fancy Feast Mousse Pescado &#038; Camaron Pate"},"content":{"rendered":"<p>Bacalao, h\u00edgado de cerdo, v\u00edsceras de cerdo, pescado, caldo de pescado, lenguado, camar\u00f3n, saborizante c\u00e1rnico artificial y natural, colorantes (di\u00f3xido de titanio, rojo 3), goma guar, fosfato tric\u00e1lcico, cloruro de potasio, sal, sulfato de magnesio, mononitrato de tiamina, suplemento de vitamina E, sulfato de zinc, sulfato ferroso, niacina, pantotenato de calcio, suplemento de vitamina A, sulfato de cobre, sulfato de manganeso, complejo s\u00f3dico de bisulfito de menadiona (fuente de actividad de vitamina K), hidrocloruro de piridoxina, suplemento de riboflavina, suplemento de vitamina B-12, biotina, \u00e1cido f\u00f3lico, suplemento de vitamina D-3, ioduro de potasio.<\/p>\n","protected":false},"excerpt":{"rendered":"<p>Bacalao, h\u00edgado de cerdo, v\u00edsceras de cerdo, pescado, caldo de pescado, lenguado, camar\u00f3n, saborizante c\u00e1rnico artificial y natural, colorantes (di\u00f3xido de titanio, rojo 3), goma guar, fosfato tric\u00e1lcico, cloruro de potasio, sal, sulfato de magnesio, mononitrato de tiamina, suplemento de vitamina E, sulfato de zinc, sulfato ferroso, niacina, pantotenato de calcio, suplemento de vitamina A, [&hellip;]<\/p>\n","protected":false},"featured_media":2843,"comment_status":"open","ping_status":"closed","template":"","meta":{"_et_pb_use_builder":"","_et_pb_old_content":"","_et_gb_content_width":"","_joinchat":[]},"product_brand":[],"product_cat":[78],"product_tag":[],"class_list":{"0":"post-2842","1":"product","2":"type-product","3":"status-publish","4":"has-post-thumbnail","6":"product_cat-fancy","8":"first","9":"instock","10":"shipping-taxable","11":"purchasable","12":"product-type-simple"},"_links":{"self":[{"href":"https:\/\/lamascoteriaonline.co\/shop\/wp-json\/wp\/v2\/product\/2842","targetHints":{"allow":["GET"]}}],"collection":[{"href":"https:\/\/lamascoteriaonline.co\/shop\/wp-json\/wp\/v2\/product"}],"about":[{"href":"https:\/\/lamascoteriaonline.co\/shop\/wp-json\/wp\/v2\/types\/product"}],"replies":[{"embeddable":true,"href":"https:\/\/lamascoteriaonline.co\/shop\/wp-json\/wp\/v2\/comments?post=2842"}],"wp:featuredmedia":[{"embeddable":true,"href":"https:\/\/lamascoteriaonline.co\/shop\/wp-json\/wp\/v2\/media\/2843"}],"wp:attachment":[{"href":"https:\/\/lamascoteriaonline.co\/shop\/wp-json\/wp\/v2\/media?parent=2842"}],"wp:term":[{"taxonomy":"product_brand","embeddable":true,"href":"https:\/\/lamascoteriaonline.co\/shop\/wp-json\/wp\/v2\/product_brand?post=2842"},{"taxonomy":"product_cat","embeddable":true,"href":"https:\/\/lamascoteriaonline.co\/shop\/wp-json\/wp\/v2\/product_cat?post=2842"},{"taxonomy":"product_tag","embeddable":true,"href":"https:\/\/lamascoteriaonline.co\/shop\/wp-json\/wp\/v2\/product_tag?post=2842"}],"curies":[{"name":"wp","href":"https:\/\/api.w.org\/{rel}","templated":true}]}}