{"id":2834,"date":"2019-01-07T17:36:06","date_gmt":"2019-01-07T17:36:06","guid":{"rendered":"http:\/\/lamascoteriaonline.co\/shop\/?post_type=product&#038;p=2834"},"modified":"2023-07-01T16:43:35","modified_gmt":"2023-07-01T16:43:35","slug":"fancy-feast-terrine-pavo-pate","status":"publish","type":"product","link":"https:\/\/lamascoteriaonline.co\/shop\/product\/fancy-feast-terrine-pavo-pate\/","title":{"rendered":"Fancy Feast Terrine Pavo Pate"},"content":{"rendered":"<p><small>Alimenta a tu gato con una combinaci\u00f3n del 60% de su alimento seco con un 40% de alimento h\u00famedo de su preferencia. A trav\u00e9s del alimento h\u00famedo obtienen m\u00e1s agua la cual es importante para ellos dentro de sus diversos sistemas corporales. Mantener en lugar fresco y seco.\u00a0 Despu\u00e9s de abierto, mantener bajo refrigeraci\u00f3n y consumirlo en 48 horas. \u00a0 \u00a0Si pasan 24 horas, coloca el alimento h\u00famedo en un recipiente pl\u00e1stico para evitar alg\u00fan proceso de oxidaci\u00f3n. No congelar. Mantenga siempre agua fresca y limpia al alcance de su gato. Consulte regularmente al Medico Veterinario. <\/small><\/p>\n","protected":false},"excerpt":{"rendered":"<p>Alimenta a tu gato con una combinaci\u00f3n del 60% de su alimento seco con un 40% de alimento h\u00famedo de su preferencia. A trav\u00e9s del alimento h\u00famedo obtienen m\u00e1s agua la cual es importante para ellos dentro de sus diversos sistemas corporales. Mantener en lugar fresco y seco.\u00a0 Despu\u00e9s de abierto, mantener bajo refrigeraci\u00f3n y [&hellip;]<\/p>\n","protected":false},"featured_media":2836,"comment_status":"open","ping_status":"closed","template":"","meta":{"_et_pb_use_builder":"","_et_pb_old_content":"","_et_gb_content_width":"","_joinchat":[]},"product_brand":[],"product_cat":[78],"product_tag":[],"class_list":{"0":"post-2834","1":"product","2":"type-product","3":"status-publish","4":"has-post-thumbnail","6":"product_cat-fancy","8":"first","9":"instock","10":"shipping-taxable","11":"purchasable","12":"product-type-simple"},"_links":{"self":[{"href":"https:\/\/lamascoteriaonline.co\/shop\/wp-json\/wp\/v2\/product\/2834","targetHints":{"allow":["GET"]}}],"collection":[{"href":"https:\/\/lamascoteriaonline.co\/shop\/wp-json\/wp\/v2\/product"}],"about":[{"href":"https:\/\/lamascoteriaonline.co\/shop\/wp-json\/wp\/v2\/types\/product"}],"replies":[{"embeddable":true,"href":"https:\/\/lamascoteriaonline.co\/shop\/wp-json\/wp\/v2\/comments?post=2834"}],"wp:featuredmedia":[{"embeddable":true,"href":"https:\/\/lamascoteriaonline.co\/shop\/wp-json\/wp\/v2\/media\/2836"}],"wp:attachment":[{"href":"https:\/\/lamascoteriaonline.co\/shop\/wp-json\/wp\/v2\/media?parent=2834"}],"wp:term":[{"taxonomy":"product_brand","embeddable":true,"href":"https:\/\/lamascoteriaonline.co\/shop\/wp-json\/wp\/v2\/product_brand?post=2834"},{"taxonomy":"product_cat","embeddable":true,"href":"https:\/\/lamascoteriaonline.co\/shop\/wp-json\/wp\/v2\/product_cat?post=2834"},{"taxonomy":"product_tag","embeddable":true,"href":"https:\/\/lamascoteriaonline.co\/shop\/wp-json\/wp\/v2\/product_tag?post=2834"}],"curies":[{"name":"wp","href":"https:\/\/api.w.org\/{rel}","templated":true}]}}