{"id":2813,"date":"2019-01-07T16:57:24","date_gmt":"2019-01-07T16:57:24","guid":{"rendered":"http:\/\/lamascoteriaonline.co\/shop\/?post_type=product&#038;p=2813"},"modified":"2023-07-01T17:13:54","modified_gmt":"2023-07-01T17:13:54","slug":"dog-chow-sano-y-en-forma","status":"publish","type":"product","link":"https:\/\/lamascoteriaonline.co\/shop\/product\/dog-chow-sano-y-en-forma\/","title":{"rendered":"Dog Chow Control Peso"},"content":{"rendered":"<div class=\"sectionMarquee sectionMarquee_left toggle-hd js-kraken-toggle-trigger\" role=\"button\" aria-expanded=\"true\" aria-controls=\".js-kraken-toggle-target\">\n<div class=\"sectionMarquee-label\">\n<h2>INGREDIENTES Y NUTRICI\u00d3N<\/h2>\n<\/div>\n<\/div>\n<div class=\"toggle-bd js-kraken-toggle-target\" aria-hidden=\"false\" aria-labelledby=\".js-kraken-toggle-trigger\">\n<div class=\"quadrant\">\n<div class=\"quadrant-zone mix-quadrant-zone_2of3\">\n<div class=\"quarantine\">\n<p><span lang=\"ES-TRAD\" xml:lang=\"ES-TRAD\">Ma\u00edz y\/o\u00a0sorgo,\u00a0harina de carne y hueso, harina proteica de pollo, arroz,\u00a0<\/span><span lang=\"ES\" xml:lang=\"ES\">concentrado proteico de ma\u00edz,<\/span>\u00a0<span lang=\"ES-TRAD\" xml:lang=\"ES-TRAD\">harina de pescado, trigo,\u00a0<\/span><span lang=\"ES\" xml:lang=\"ES\">harina de soya y\/o concentrado proteico de soya<\/span><span lang=\"ES-TRAD\" xml:lang=\"ES-TRAD\">, fibra de soya y\/o fibra de yuca,<\/span>\u00a0<span lang=\"ES-TRAD\" xml:lang=\"ES-TRAD\">fibra de ca\u00f1a de az\u00facar y\/o celulosa, grasa animal y\/o aceite vegetal estabilizado con antioxidantes (BHT),\u00a0<\/span><span lang=\"ES-CO\" xml:lang=\"ES-CO\">saborizante a base de menudencias de cerdo y\/o pollo<\/span><span lang=\"ES-TRAD\" xml:lang=\"ES-TRAD\">, zanahoria deshidratada, arveja deshidratada, inulina, carbonato de calcio, sal, fosfato de calcio, cloruro de potasio, L-lisina, DL-Metionina, cloruro de colina, colores artificiales (rojo # 40, amarillo # 5, amarillo # 6, azul # 2), niacina, suplementos vitam\u00ednicos\u00a0(A, E,\u00a0B12,\u00a0D3),\u00a0pantotenato de calcio,\u00a0suplemento de riboflavina,\u00a0biotina,\u00a0\u00e1cido f\u00f3lico,\u00a0mononitrato de tiamina,\u00a0clorhidrato de piridoxina,\u00a0complejo menadiona s\u00f3dica bisulfito (fuente de actividad de vitamina K),\u00a0 sulfato de zinc,\u00a0proteinato de zinc, sulfato ferroso, proteinato de hierro,\u00a0 sulfato de manganeso,\u00a0proteinato de manganeso,\u00a0sulfato de cobre,\u00a0proteinato de cobre,\u00a0yodato de calcio,\u00a0selenito de sodio, proteinato de selenio.<\/span><\/p>\n<p>&nbsp;<\/p>\n<p><span lang=\"ES-CO\" xml:lang=\"ES-CO\">ENERG\u00cdA METABOLIZABLE (CALCULADA):\u00a0<\/span><span lang=\"ES-TRAD\" xml:lang=\"ES-TRAD\">2.900 kcal\/kg<\/span><\/p>\n<\/div>\n<\/div>\n<div class=\"quadrant-zone mix-quadrant-zone_1of3\">\n<div class=\"dataTable\">\n<div class=\"dataTable-header\">AN\u00c1LISIS GARANTIZADO<\/div>\n<div data-entity-id=\"data_table_2_column-322406\">\n<table>\n<tbody>\n<tr>\n<td>Prote\u00edna Cruda (m\u00edn.):<\/td>\n<td>24,0%<\/td>\n<\/tr>\n<tr>\n<td>Grasa Cruda (m\u00edn. \u2013 m\u00e1x.):<\/td>\n<td>4,0% &#8211; 8,0%<\/td>\n<\/tr>\n<tr>\n<td>Fibra Cruda (m\u00e1x.):<\/td>\n<td>9,0%<\/td>\n<\/tr>\n<tr>\n<td>Humedad (m\u00e1x.):<\/td>\n<td>12,0%<\/td>\n<\/tr>\n<tr>\n<td>Cenizas (m\u00e1x.):<\/td>\n<td>9,0%<\/td>\n<\/tr>\n<tr>\n<td>Calcio (m\u00edn.- m\u00e1x.):<\/td>\n<td>1,1% \u2013 1,8%<\/td>\n<\/tr>\n<tr>\n<td>F\u00f3sforo (m\u00edn.- m\u00e1x.):<\/td>\n<td>0,8% &#8211; 1,3%<\/td>\n<\/tr>\n<\/tbody>\n<\/table>\n<\/div>\n<\/div>\n<\/div>\n<\/div>\n<\/div>\n<p>&nbsp;<\/p>\n<p>&nbsp;<\/p>\n<h3 style=\"background: white; margin: 7.5pt 0cm 7.5pt 0cm;\"><\/h3>\n","protected":false},"excerpt":{"rendered":"<p>INGREDIENTES Y NUTRICI\u00d3N Ma\u00edz y\/o\u00a0sorgo,\u00a0harina de carne y hueso, harina proteica de pollo, arroz,\u00a0concentrado proteico de ma\u00edz,\u00a0harina de pescado, trigo,\u00a0harina de soya y\/o concentrado proteico de soya, fibra de soya y\/o fibra de yuca,\u00a0fibra de ca\u00f1a de az\u00facar y\/o celulosa, grasa animal y\/o aceite vegetal estabilizado con antioxidantes (BHT),\u00a0saborizante a base de menudencias de cerdo [&hellip;]<\/p>\n","protected":false},"featured_media":5904,"comment_status":"open","ping_status":"closed","template":"","meta":{"_et_pb_use_builder":"","_et_pb_old_content":"","_et_gb_content_width":"","_joinchat":[]},"product_brand":[],"product_cat":[25],"product_tag":[],"class_list":{"0":"post-2813","1":"product","2":"type-product","3":"status-publish","4":"has-post-thumbnail","6":"product_cat-dog-chow","8":"first","9":"instock","10":"shipping-taxable","11":"purchasable","12":"product-type-variable"},"_links":{"self":[{"href":"https:\/\/lamascoteriaonline.co\/shop\/wp-json\/wp\/v2\/product\/2813","targetHints":{"allow":["GET"]}}],"collection":[{"href":"https:\/\/lamascoteriaonline.co\/shop\/wp-json\/wp\/v2\/product"}],"about":[{"href":"https:\/\/lamascoteriaonline.co\/shop\/wp-json\/wp\/v2\/types\/product"}],"replies":[{"embeddable":true,"href":"https:\/\/lamascoteriaonline.co\/shop\/wp-json\/wp\/v2\/comments?post=2813"}],"wp:featuredmedia":[{"embeddable":true,"href":"https:\/\/lamascoteriaonline.co\/shop\/wp-json\/wp\/v2\/media\/5904"}],"wp:attachment":[{"href":"https:\/\/lamascoteriaonline.co\/shop\/wp-json\/wp\/v2\/media?parent=2813"}],"wp:term":[{"taxonomy":"product_brand","embeddable":true,"href":"https:\/\/lamascoteriaonline.co\/shop\/wp-json\/wp\/v2\/product_brand?post=2813"},{"taxonomy":"product_cat","embeddable":true,"href":"https:\/\/lamascoteriaonline.co\/shop\/wp-json\/wp\/v2\/product_cat?post=2813"},{"taxonomy":"product_tag","embeddable":true,"href":"https:\/\/lamascoteriaonline.co\/shop\/wp-json\/wp\/v2\/product_tag?post=2813"}],"curies":[{"name":"wp","href":"https:\/\/api.w.org\/{rel}","templated":true}]}}