{"id":2804,"date":"2019-01-07T16:50:59","date_gmt":"2019-01-07T16:50:59","guid":{"rendered":"http:\/\/lamascoteriaonline.co\/shop\/?post_type=product&#038;p=2804"},"modified":"2023-07-01T17:16:50","modified_gmt":"2023-07-01T17:16:50","slug":"dog-chow-edad-madura","status":"publish","type":"product","link":"https:\/\/lamascoteriaonline.co\/shop\/product\/dog-chow-edad-madura\/","title":{"rendered":"Dog Chow Longevidad"},"content":{"rendered":"<div class=\"sectionMarquee sectionMarquee_left toggle-hd js-kraken-toggle-trigger\" role=\"button\" aria-expanded=\"true\" aria-controls=\".js-kraken-toggle-target\">\n<div class=\"sectionMarquee-label\">\n<h2>INGREDIENTES Y NUTRICI\u00d3N<\/h2>\n<\/div>\n<\/div>\n<div class=\"toggle-bd js-kraken-toggle-target\" aria-hidden=\"false\" aria-labelledby=\".js-kraken-toggle-trigger\">\n<div class=\"quadrant\">\n<div class=\"quadrant-zone mix-quadrant-zone_2of3\">\n<div class=\"quarantine\">\n<p><span lang=\"ES-CO\" xml:lang=\"ES-CO\">Ma\u00edz y\/o sorgo, harina proteica de pollo (fuente natural de glucosamina), harina de carne y hueso, arroz, harina de pescado,\u00a0<\/span><span lang=\"ES\" xml:lang=\"ES\">concentrado proteico de ma\u00edz<\/span><span lang=\"ES-CO\" xml:lang=\"ES-CO\">, trigo,<\/span>\u00a0<span lang=\"ES\" xml:lang=\"ES\">harina de soya y\/o concentrado proteico de soya<\/span><span lang=\"ES-CO\" xml:lang=\"ES-CO\">, fibra de soya y\/o fibra de yuca, grasa animal y\/o aceite vegetal estabilizado con antioxidantes (BHT),\u00a0<\/span><span lang=\"ES-CO\" xml:lang=\"ES-CO\">saborizante a base de menudencias de cerdo y\/o pollo, inulina, zanahoria deshidratada, arveja deshidratada, sal, carbonato de calcio, fosfato de calcio, L-lisina, DL- Metionina, cloruro de colina, cloruro de potasio, colores artificiales (rojo # 40, amarillo # 5, amarillo # 6, azul # 2), \u00e1cido asc\u00f3rbico (fuente de vitamina C), niacina, suplementos vitam\u00ednicos\u00a0(A, E,\u00a0B12,\u00a0D3),\u00a0pantotenato de calcio,\u00a0suplemento de riboflavina,\u00a0biotina,\u00a0\u00e1cido f\u00f3lico,\u00a0mononitrato de tiamina,\u00a0clorhidrato de piridoxina,\u00a0complejo menadiona s\u00f3dica bisulfito (fuente de actividad de vitamina K),\u00a0 sulfato de zinc,\u00a0proteinato de zinc, sulfato ferroso, proteinato de hierro,\u00a0sulfato de manganeso,\u00a0proteinato de manganeso,\u00a0sulfato de cobre,\u00a0proteinato de cobre,\u00a0yodato de calcio,\u00a0selenito de sodio, proteinato de selenio.<\/span><\/p>\n<p>&nbsp;<\/p>\n<p><span lang=\"ES-CO\" xml:lang=\"ES-CO\">ENERG\u00cdA METABOLIZABLE (CALCULADA):\u00a0<\/span><span lang=\"ES-TRAD\" xml:lang=\"ES-TRAD\">3.390 kcal\/kg<\/span><\/p>\n<\/div>\n<\/div>\n<div class=\"quadrant-zone mix-quadrant-zone_1of3\">\n<div class=\"dataTable\">\n<div class=\"dataTable-header\">AN\u00c1LISIS GARANTIZADO<\/div>\n<div data-entity-id=\"data_table_2_column-322521\">\n<table>\n<tbody>\n<tr>\n<td>Prote\u00edna Cruda (m\u00edn.):<\/td>\n<td>24,0%<\/td>\n<\/tr>\n<tr>\n<td>Grasa Cruda (m\u00edn.):<\/td>\n<td>8,0%<\/td>\n<\/tr>\n<tr>\n<td>Fibra Cruda (m\u00edn.):<\/td>\n<td>6,0%<\/td>\n<\/tr>\n<tr>\n<td>Humedad (m\u00e1x.):<\/td>\n<td>12,0%<\/td>\n<\/tr>\n<tr>\n<td>Cenizas (m\u00e1x.):<\/td>\n<td>8,5%<\/td>\n<\/tr>\n<tr>\n<td>Calcio (m\u00edn.- m\u00e1x.):<\/td>\n<td>1,1% \u2013 1,7%<\/td>\n<\/tr>\n<tr>\n<td>F\u00f3sforo (m\u00edn.- m\u00e1x.):<\/td>\n<td>0,7% &#8211; 1,2%<\/td>\n<\/tr>\n<\/tbody>\n<\/table>\n<\/div>\n<\/div>\n<\/div>\n<\/div>\n<\/div>\n<h3 style=\"background: white; margin: 7.5pt 0cm 7.5pt 0cm;\"><\/h3>\n","protected":false},"excerpt":{"rendered":"<p>INGREDIENTES Y NUTRICI\u00d3N Ma\u00edz y\/o sorgo, harina proteica de pollo (fuente natural de glucosamina), harina de carne y hueso, arroz, harina de pescado,\u00a0concentrado proteico de ma\u00edz, trigo,\u00a0harina de soya y\/o concentrado proteico de soya, fibra de soya y\/o fibra de yuca, grasa animal y\/o aceite vegetal estabilizado con antioxidantes (BHT),\u00a0saborizante a base de menudencias de [&hellip;]<\/p>\n","protected":false},"featured_media":5901,"comment_status":"open","ping_status":"closed","template":"","meta":{"_et_pb_use_builder":"","_et_pb_old_content":"","_et_gb_content_width":"","_joinchat":[]},"product_brand":[],"product_cat":[25],"product_tag":[],"class_list":{"0":"post-2804","1":"product","2":"type-product","3":"status-publish","4":"has-post-thumbnail","6":"product_cat-dog-chow","8":"first","9":"instock","10":"shipping-taxable","11":"purchasable","12":"product-type-variable"},"_links":{"self":[{"href":"https:\/\/lamascoteriaonline.co\/shop\/wp-json\/wp\/v2\/product\/2804","targetHints":{"allow":["GET"]}}],"collection":[{"href":"https:\/\/lamascoteriaonline.co\/shop\/wp-json\/wp\/v2\/product"}],"about":[{"href":"https:\/\/lamascoteriaonline.co\/shop\/wp-json\/wp\/v2\/types\/product"}],"replies":[{"embeddable":true,"href":"https:\/\/lamascoteriaonline.co\/shop\/wp-json\/wp\/v2\/comments?post=2804"}],"wp:featuredmedia":[{"embeddable":true,"href":"https:\/\/lamascoteriaonline.co\/shop\/wp-json\/wp\/v2\/media\/5901"}],"wp:attachment":[{"href":"https:\/\/lamascoteriaonline.co\/shop\/wp-json\/wp\/v2\/media?parent=2804"}],"wp:term":[{"taxonomy":"product_brand","embeddable":true,"href":"https:\/\/lamascoteriaonline.co\/shop\/wp-json\/wp\/v2\/product_brand?post=2804"},{"taxonomy":"product_cat","embeddable":true,"href":"https:\/\/lamascoteriaonline.co\/shop\/wp-json\/wp\/v2\/product_cat?post=2804"},{"taxonomy":"product_tag","embeddable":true,"href":"https:\/\/lamascoteriaonline.co\/shop\/wp-json\/wp\/v2\/product_tag?post=2804"}],"curies":[{"name":"wp","href":"https:\/\/api.w.org\/{rel}","templated":true}]}}