{"id":2782,"date":"2019-01-07T15:30:22","date_gmt":"2019-01-07T15:30:22","guid":{"rendered":"http:\/\/lamascoteriaonline.co\/shop\/?post_type=product&#038;p=2782"},"modified":"2023-07-01T16:38:58","modified_gmt":"2023-07-01T16:38:58","slug":"felix-sensaciones-pollo-e-higado-85gr","status":"publish","type":"product","link":"https:\/\/lamascoteriaonline.co\/shop\/product\/felix-sensaciones-pollo-e-higado-85gr\/","title":{"rendered":"Felix Sensaciones Pollo e Higado 85gr"},"content":{"rendered":"<p>Deliciosos trocitos hechos de pescado blanco acompa\u00f1ados de una deliciosa salsa, con un sabor y aroma tan rico que tu gato har\u00e1 las cosas m\u00e1s astutas para que le des m\u00e1s.<\/p>\n","protected":false},"excerpt":{"rendered":"<p>Deliciosos trocitos hechos de pescado blanco acompa\u00f1ados de una deliciosa salsa, con un sabor y aroma tan rico que tu gato har\u00e1 las cosas m\u00e1s astutas para que le des m\u00e1s.<\/p>\n","protected":false},"featured_media":2784,"comment_status":"open","ping_status":"closed","template":"","meta":{"_et_pb_use_builder":"","_et_pb_old_content":"","_et_gb_content_width":"","_joinchat":[]},"product_brand":[],"product_cat":[79],"product_tag":[],"class_list":{"0":"post-2782","1":"product","2":"type-product","3":"status-publish","4":"has-post-thumbnail","6":"product_cat-felix-humedos","8":"first","9":"instock","10":"shipping-taxable","11":"purchasable","12":"product-type-simple"},"_links":{"self":[{"href":"https:\/\/lamascoteriaonline.co\/shop\/wp-json\/wp\/v2\/product\/2782","targetHints":{"allow":["GET"]}}],"collection":[{"href":"https:\/\/lamascoteriaonline.co\/shop\/wp-json\/wp\/v2\/product"}],"about":[{"href":"https:\/\/lamascoteriaonline.co\/shop\/wp-json\/wp\/v2\/types\/product"}],"replies":[{"embeddable":true,"href":"https:\/\/lamascoteriaonline.co\/shop\/wp-json\/wp\/v2\/comments?post=2782"}],"wp:featuredmedia":[{"embeddable":true,"href":"https:\/\/lamascoteriaonline.co\/shop\/wp-json\/wp\/v2\/media\/2784"}],"wp:attachment":[{"href":"https:\/\/lamascoteriaonline.co\/shop\/wp-json\/wp\/v2\/media?parent=2782"}],"wp:term":[{"taxonomy":"product_brand","embeddable":true,"href":"https:\/\/lamascoteriaonline.co\/shop\/wp-json\/wp\/v2\/product_brand?post=2782"},{"taxonomy":"product_cat","embeddable":true,"href":"https:\/\/lamascoteriaonline.co\/shop\/wp-json\/wp\/v2\/product_cat?post=2782"},{"taxonomy":"product_tag","embeddable":true,"href":"https:\/\/lamascoteriaonline.co\/shop\/wp-json\/wp\/v2\/product_tag?post=2782"}],"curies":[{"name":"wp","href":"https:\/\/api.w.org\/{rel}","templated":true}]}}