{"id":2774,"date":"2019-01-07T15:20:07","date_gmt":"2019-01-07T15:20:07","guid":{"rendered":"http:\/\/lamascoteriaonline.co\/shop\/?post_type=product&#038;p=2774"},"modified":"2023-07-01T16:39:39","modified_gmt":"2023-07-01T16:39:39","slug":"felix-sensaciones-salmon-y-pavo-85gr","status":"publish","type":"product","link":"https:\/\/lamascoteriaonline.co\/shop\/product\/felix-sensaciones-salmon-y-pavo-85gr\/","title":{"rendered":"Felix Sensaciones Salmon y Pavo 85gr"},"content":{"rendered":"<p>Deliciosos trocitos hechos con la combinaci\u00f3n de salm\u00f3n y pavo acompa\u00f1ados de una deliciosa salsa, d\u00e1ndole a tu gato sabores, texturas y aromas \u00fanicos.<\/p>\n","protected":false},"excerpt":{"rendered":"<p>Deliciosos trocitos hechos con la combinaci\u00f3n de salm\u00f3n y pavo acompa\u00f1ados de una deliciosa salsa, d\u00e1ndole a tu gato sabores, texturas y aromas \u00fanicos.<\/p>\n","protected":false},"featured_media":2775,"comment_status":"open","ping_status":"closed","template":"","meta":{"_et_pb_use_builder":"","_et_pb_old_content":"","_et_gb_content_width":"","_joinchat":[]},"product_brand":[],"product_cat":[79],"product_tag":[],"class_list":{"0":"post-2774","1":"product","2":"type-product","3":"status-publish","4":"has-post-thumbnail","6":"product_cat-felix-humedos","8":"first","9":"instock","10":"shipping-taxable","11":"purchasable","12":"product-type-simple"},"_links":{"self":[{"href":"https:\/\/lamascoteriaonline.co\/shop\/wp-json\/wp\/v2\/product\/2774","targetHints":{"allow":["GET"]}}],"collection":[{"href":"https:\/\/lamascoteriaonline.co\/shop\/wp-json\/wp\/v2\/product"}],"about":[{"href":"https:\/\/lamascoteriaonline.co\/shop\/wp-json\/wp\/v2\/types\/product"}],"replies":[{"embeddable":true,"href":"https:\/\/lamascoteriaonline.co\/shop\/wp-json\/wp\/v2\/comments?post=2774"}],"wp:featuredmedia":[{"embeddable":true,"href":"https:\/\/lamascoteriaonline.co\/shop\/wp-json\/wp\/v2\/media\/2775"}],"wp:attachment":[{"href":"https:\/\/lamascoteriaonline.co\/shop\/wp-json\/wp\/v2\/media?parent=2774"}],"wp:term":[{"taxonomy":"product_brand","embeddable":true,"href":"https:\/\/lamascoteriaonline.co\/shop\/wp-json\/wp\/v2\/product_brand?post=2774"},{"taxonomy":"product_cat","embeddable":true,"href":"https:\/\/lamascoteriaonline.co\/shop\/wp-json\/wp\/v2\/product_cat?post=2774"},{"taxonomy":"product_tag","embeddable":true,"href":"https:\/\/lamascoteriaonline.co\/shop\/wp-json\/wp\/v2\/product_tag?post=2774"}],"curies":[{"name":"wp","href":"https:\/\/api.w.org\/{rel}","templated":true}]}}