{"id":2762,"date":"2019-01-06T17:01:31","date_gmt":"2019-01-06T17:01:31","guid":{"rendered":"http:\/\/lamascoteriaonline.co\/shop\/?post_type=product&#038;p=2762"},"modified":"2023-07-01T16:26:54","modified_gmt":"2023-07-01T16:26:54","slug":"cat-chow-vida-sana","status":"publish","type":"product","link":"https:\/\/lamascoteriaonline.co\/shop\/product\/cat-chow-vida-sana\/","title":{"rendered":"Cat Chow Vida Sana"},"content":{"rendered":"<p>Le da a tu gato el balance correcto de ingredientes y la nutrici\u00f3n que \u00e9l necesita porque es una deliciosa combinaci\u00f3n de salm\u00f3n, pollo con verduras de la huerta que son fuentes de prote\u00edna esenciales que tu gato necesita para una vida sana y feliz.<\/p>\n","protected":false},"excerpt":{"rendered":"<p>Le da a tu gato el balance correcto de ingredientes y la nutrici\u00f3n que \u00e9l necesita porque es una deliciosa combinaci\u00f3n de salm\u00f3n, pollo con verduras de la huerta que son fuentes de prote\u00edna esenciales que tu gato necesita para una vida sana y feliz.<\/p>\n","protected":false},"featured_media":2765,"comment_status":"open","ping_status":"closed","template":"","meta":{"_et_pb_use_builder":"","_et_pb_old_content":"","_et_gb_content_width":"","_joinchat":[]},"product_brand":[],"product_cat":[62],"product_tag":[],"class_list":{"0":"post-2762","1":"product","2":"type-product","3":"status-publish","4":"has-post-thumbnail","6":"product_cat-cat-chow","8":"first","9":"instock","10":"shipping-taxable","11":"purchasable","12":"product-type-variable"},"_links":{"self":[{"href":"https:\/\/lamascoteriaonline.co\/shop\/wp-json\/wp\/v2\/product\/2762","targetHints":{"allow":["GET"]}}],"collection":[{"href":"https:\/\/lamascoteriaonline.co\/shop\/wp-json\/wp\/v2\/product"}],"about":[{"href":"https:\/\/lamascoteriaonline.co\/shop\/wp-json\/wp\/v2\/types\/product"}],"replies":[{"embeddable":true,"href":"https:\/\/lamascoteriaonline.co\/shop\/wp-json\/wp\/v2\/comments?post=2762"}],"wp:featuredmedia":[{"embeddable":true,"href":"https:\/\/lamascoteriaonline.co\/shop\/wp-json\/wp\/v2\/media\/2765"}],"wp:attachment":[{"href":"https:\/\/lamascoteriaonline.co\/shop\/wp-json\/wp\/v2\/media?parent=2762"}],"wp:term":[{"taxonomy":"product_brand","embeddable":true,"href":"https:\/\/lamascoteriaonline.co\/shop\/wp-json\/wp\/v2\/product_brand?post=2762"},{"taxonomy":"product_cat","embeddable":true,"href":"https:\/\/lamascoteriaonline.co\/shop\/wp-json\/wp\/v2\/product_cat?post=2762"},{"taxonomy":"product_tag","embeddable":true,"href":"https:\/\/lamascoteriaonline.co\/shop\/wp-json\/wp\/v2\/product_tag?post=2762"}],"curies":[{"name":"wp","href":"https:\/\/api.w.org\/{rel}","templated":true}]}}