{"id":2758,"date":"2019-01-06T16:56:59","date_gmt":"2019-01-06T16:56:59","guid":{"rendered":"http:\/\/lamascoteriaonline.co\/shop\/?post_type=product&#038;p=2758"},"modified":"2023-07-01T16:24:24","modified_gmt":"2023-07-01T16:24:24","slug":"cat-chow-activo-carne","status":"publish","type":"product","link":"https:\/\/lamascoteriaonline.co\/shop\/product\/cat-chow-activo-carne\/","title":{"rendered":"Cat Chow Activo Carne"},"content":{"rendered":"<p>El nuevo PURINA\u00ae CAT CHOW\u00ae ADULTOS ACTIVOS SABOR CARNE CON DEFENSE PLUS ofrece los nutrientes que tu gato necesita para mantenerse fuerte y saludable. Su f\u00f3rmula contiene entre sus ingredientes prote\u00ednas de la carne, naturalmente ricas en hierro, que lo ayudan a desarrollar m\u00fasculos fuertes.<\/p>\n<h2>Nueva F\u00f3rmula con DEFENSE PLUS<\/h2>\n<ul>\n<li>Ayuda a fortalecer las defensas naturales.<\/li>\n<li>Con hierro que ayuda a desarrollar m\u00fasculos fuertes.<\/li>\n<\/ul>\n","protected":false},"excerpt":{"rendered":"<p>El nuevo PURINA\u00ae CAT CHOW\u00ae ADULTOS ACTIVOS SABOR CARNE CON DEFENSE PLUS ofrece los nutrientes que tu gato necesita para mantenerse fuerte y saludable. Su f\u00f3rmula contiene entre sus ingredientes prote\u00ednas de la carne, naturalmente ricas en hierro, que lo ayudan a desarrollar m\u00fasculos fuertes. Nueva F\u00f3rmula con DEFENSE PLUS Ayuda a fortalecer las defensas [&hellip;]<\/p>\n","protected":false},"featured_media":2761,"comment_status":"open","ping_status":"closed","template":"","meta":{"_et_pb_use_builder":"","_et_pb_old_content":"","_et_gb_content_width":"","_joinchat":[]},"product_brand":[],"product_cat":[62],"product_tag":[],"class_list":{"0":"post-2758","1":"product","2":"type-product","3":"status-publish","4":"has-post-thumbnail","6":"product_cat-cat-chow","8":"first","9":"instock","10":"shipping-taxable","11":"purchasable","12":"product-type-variable"},"_links":{"self":[{"href":"https:\/\/lamascoteriaonline.co\/shop\/wp-json\/wp\/v2\/product\/2758","targetHints":{"allow":["GET"]}}],"collection":[{"href":"https:\/\/lamascoteriaonline.co\/shop\/wp-json\/wp\/v2\/product"}],"about":[{"href":"https:\/\/lamascoteriaonline.co\/shop\/wp-json\/wp\/v2\/types\/product"}],"replies":[{"embeddable":true,"href":"https:\/\/lamascoteriaonline.co\/shop\/wp-json\/wp\/v2\/comments?post=2758"}],"wp:featuredmedia":[{"embeddable":true,"href":"https:\/\/lamascoteriaonline.co\/shop\/wp-json\/wp\/v2\/media\/2761"}],"wp:attachment":[{"href":"https:\/\/lamascoteriaonline.co\/shop\/wp-json\/wp\/v2\/media?parent=2758"}],"wp:term":[{"taxonomy":"product_brand","embeddable":true,"href":"https:\/\/lamascoteriaonline.co\/shop\/wp-json\/wp\/v2\/product_brand?post=2758"},{"taxonomy":"product_cat","embeddable":true,"href":"https:\/\/lamascoteriaonline.co\/shop\/wp-json\/wp\/v2\/product_cat?post=2758"},{"taxonomy":"product_tag","embeddable":true,"href":"https:\/\/lamascoteriaonline.co\/shop\/wp-json\/wp\/v2\/product_tag?post=2758"}],"curies":[{"name":"wp","href":"https:\/\/api.w.org\/{rel}","templated":true}]}}