{"id":2687,"date":"2019-01-05T21:37:52","date_gmt":"2019-01-05T21:37:52","guid":{"rendered":"http:\/\/lamascoteriaonline.co\/shop\/?post_type=product&#038;p=2687"},"modified":"2023-06-03T15:25:33","modified_gmt":"2023-06-03T15:25:33","slug":"nutranuggets-performance","status":"publish","type":"product","link":"https:\/\/lamascoteriaonline.co\/shop\/product\/nutranuggets-performance\/","title":{"rendered":"Nutranuggets Performance"},"content":{"rendered":"<h5 id=\"tw-target-text\" class=\"tw-data-text tw-text-large tw-ta\" dir=\"ltr\" data-placeholder=\"Traducci\u00f3n\"><span class=\"Y2IQFc\" lang=\"es\">Dise\u00f1ado para perros atl\u00e9ticos o activos. 18 % de grasa y 28 % de prote\u00edna para aumentar la resistencia y el mantenimiento de los m\u00fasculos Niveles equilibrados de \u00e1cidos grasos omega para la salud en general Prote\u00edna: 28% Grasa: 18% Calor\u00edas: 3.886 kcal\/kg (364 kcal\/taza) EM calculado<\/span><\/h5>\n<p>&nbsp;<\/p>\n<p>&nbsp;<\/p>\n<h3 style=\"background: white; margin: 7.5pt 0cm 7.5pt 0cm;\"><span style=\"font-size: 10.5pt; font-family: 'Arial',sans-serif; color: #888888; background: white;\">\u00a0<\/span><\/h3>\n","protected":false},"excerpt":{"rendered":"<p>Dise\u00f1ado para perros atl\u00e9ticos o activos. 18 % de grasa y 28 % de prote\u00edna para aumentar la resistencia y el mantenimiento de los m\u00fasculos Niveles equilibrados de \u00e1cidos grasos omega para la salud en general Prote\u00edna: 28% Grasa: 18% Calor\u00edas: 3.886 kcal\/kg (364 kcal\/taza) EM calculado &nbsp; &nbsp; \u00a0<\/p>\n","protected":false},"featured_media":2691,"comment_status":"open","ping_status":"closed","template":"","meta":{"_et_pb_use_builder":"","_et_pb_old_content":"","_et_gb_content_width":"","_joinchat":[]},"product_brand":[],"product_cat":[46],"product_tag":[],"class_list":{"0":"post-2687","1":"product","2":"type-product","3":"status-publish","4":"has-post-thumbnail","6":"product_cat-nutranuggets","8":"first","9":"instock","10":"shipping-taxable","11":"purchasable","12":"product-type-variable"},"_links":{"self":[{"href":"https:\/\/lamascoteriaonline.co\/shop\/wp-json\/wp\/v2\/product\/2687","targetHints":{"allow":["GET"]}}],"collection":[{"href":"https:\/\/lamascoteriaonline.co\/shop\/wp-json\/wp\/v2\/product"}],"about":[{"href":"https:\/\/lamascoteriaonline.co\/shop\/wp-json\/wp\/v2\/types\/product"}],"replies":[{"embeddable":true,"href":"https:\/\/lamascoteriaonline.co\/shop\/wp-json\/wp\/v2\/comments?post=2687"}],"wp:featuredmedia":[{"embeddable":true,"href":"https:\/\/lamascoteriaonline.co\/shop\/wp-json\/wp\/v2\/media\/2691"}],"wp:attachment":[{"href":"https:\/\/lamascoteriaonline.co\/shop\/wp-json\/wp\/v2\/media?parent=2687"}],"wp:term":[{"taxonomy":"product_brand","embeddable":true,"href":"https:\/\/lamascoteriaonline.co\/shop\/wp-json\/wp\/v2\/product_brand?post=2687"},{"taxonomy":"product_cat","embeddable":true,"href":"https:\/\/lamascoteriaonline.co\/shop\/wp-json\/wp\/v2\/product_cat?post=2687"},{"taxonomy":"product_tag","embeddable":true,"href":"https:\/\/lamascoteriaonline.co\/shop\/wp-json\/wp\/v2\/product_tag?post=2687"}],"curies":[{"name":"wp","href":"https:\/\/api.w.org\/{rel}","templated":true}]}}