{"id":2608,"date":"2019-01-05T18:37:24","date_gmt":"2019-01-05T18:37:24","guid":{"rendered":"http:\/\/lamascoteriaonline.co\/shop\/?post_type=product&#038;p=2608"},"modified":"2024-09-30T11:19:45","modified_gmt":"2024-09-30T11:19:45","slug":"max-mature-performance-pollo","status":"publish","type":"product","link":"https:\/\/lamascoteriaonline.co\/shop\/product\/max-mature-performance-pollo\/","title":{"rendered":"Max Mature Performance Pollo"},"content":{"rendered":"<p>Alimento seco nutricionalmente balanceado, desarrollado para perros mayores con m\u00e1s de 7 a\u00f1os de edad.<\/p>\n<ul>\n<li>24% de prote\u00edna de alta calidad.<\/li>\n<li>Con preib\u00f3ticos para haces mas firmes.<\/li>\n<li>Contiene condroitina y glucosamina, que contribuyen a las articulaciones m\u00e1s saludables.<\/li>\n<\/ul>\n<p>&nbsp;<\/p>\n<p>&nbsp;<\/p>\n<p>&nbsp;<\/p>\n<p>&nbsp;<\/p>\n<h3 style=\"background: white; margin: 7.5pt 0cm 7.5pt 0cm;\"><span style=\"font-size: 10.5pt; font-family: 'Arial',sans-serif; color: #888888; background: white;\">\u00a0<\/span><\/h3>\n","protected":false},"excerpt":{"rendered":"<p>Alimento seco nutricionalmente balanceado, desarrollado para perros mayores con m\u00e1s de 7 a\u00f1os de edad. 24% de prote\u00edna de alta calidad. Con preib\u00f3ticos para haces mas firmes. Contiene condroitina y glucosamina, que contribuyen a las articulaciones m\u00e1s saludables. &nbsp; &nbsp; &nbsp; &nbsp; \u00a0<\/p>\n","protected":false},"featured_media":2611,"comment_status":"open","ping_status":"closed","template":"","meta":{"_et_pb_use_builder":"","_et_pb_old_content":"","_et_gb_content_width":"","_joinchat":[]},"product_brand":[],"product_cat":[66],"product_tag":[],"class_list":{"0":"post-2608","1":"product","2":"type-product","3":"status-publish","4":"has-post-thumbnail","6":"product_cat-max","8":"first","9":"instock","10":"shipping-taxable","11":"purchasable","12":"product-type-variable"},"_links":{"self":[{"href":"https:\/\/lamascoteriaonline.co\/shop\/wp-json\/wp\/v2\/product\/2608","targetHints":{"allow":["GET"]}}],"collection":[{"href":"https:\/\/lamascoteriaonline.co\/shop\/wp-json\/wp\/v2\/product"}],"about":[{"href":"https:\/\/lamascoteriaonline.co\/shop\/wp-json\/wp\/v2\/types\/product"}],"replies":[{"embeddable":true,"href":"https:\/\/lamascoteriaonline.co\/shop\/wp-json\/wp\/v2\/comments?post=2608"}],"wp:featuredmedia":[{"embeddable":true,"href":"https:\/\/lamascoteriaonline.co\/shop\/wp-json\/wp\/v2\/media\/2611"}],"wp:attachment":[{"href":"https:\/\/lamascoteriaonline.co\/shop\/wp-json\/wp\/v2\/media?parent=2608"}],"wp:term":[{"taxonomy":"product_brand","embeddable":true,"href":"https:\/\/lamascoteriaonline.co\/shop\/wp-json\/wp\/v2\/product_brand?post=2608"},{"taxonomy":"product_cat","embeddable":true,"href":"https:\/\/lamascoteriaonline.co\/shop\/wp-json\/wp\/v2\/product_cat?post=2608"},{"taxonomy":"product_tag","embeddable":true,"href":"https:\/\/lamascoteriaonline.co\/shop\/wp-json\/wp\/v2\/product_tag?post=2608"}],"curies":[{"name":"wp","href":"https:\/\/api.w.org\/{rel}","templated":true}]}}