{"id":2529,"date":"2019-01-05T16:14:35","date_gmt":"2019-01-05T16:14:35","guid":{"rendered":"http:\/\/lamascoteriaonline.co\/shop\/?post_type=product&#038;p=2529"},"modified":"2024-09-03T14:58:50","modified_gmt":"2024-09-03T14:58:50","slug":"equilibrio-veterinary-obesity-diabetic","status":"publish","type":"product","link":"https:\/\/lamascoteriaonline.co\/shop\/product\/equilibrio-veterinary-obesity-diabetic\/","title":{"rendered":"Equilibrio Veterinary Obesity &#038; Diabetic"},"content":{"rendered":"<p>Alimento coadyuvante para perros, recomendado como alimento auxiliar en el tratamiento de perros con obesidad y en el manejo diet\u00e9tico de perros con diabetes mellitus y pacientes con hiperlipidemia. Requiere la prescripci\u00f3n de un m\u00e9dico veterinario.<\/p>\n<ul>\n<li>Bajo nivel cal\u00f3rico.<\/li>\n<li>L-Carnitina.<\/li>\n<li>Contiene Hidratos de carbono como cebada y sorgo.<\/li>\n<li>Con Fibras.<\/li>\n<li>Contraindicaci\u00f3n: Cachorros; Hembras pre\u00f1adas y que est\u00e1n amamantando; Pacientes con insuficiencia renal cr\u00f3nica o hep\u00e1tica o que necesitan recibir alimentos con alta ingesti\u00f3n de calor\u00edas.<\/li>\n<li>Periodo de Administraci\u00f3n: Seguir la tabla de cantidad diaria, de acuerdo con el porcentaje de sobrepeso (15 a 30%). Cuando alcance el peso ideal, seguir la tabla de mantenimiento para el resto de la<\/li>\n<\/ul>\n<p>vida, conforme orientaci\u00f3n del m\u00e9dico veterinario.<\/p>\n<p>&nbsp;<\/p>\n","protected":false},"excerpt":{"rendered":"<p>Alimento coadyuvante para perros, recomendado como alimento auxiliar en el tratamiento de perros con obesidad y en el manejo diet\u00e9tico de perros con diabetes mellitus y pacientes con hiperlipidemia. Requiere la prescripci\u00f3n de un m\u00e9dico veterinario. Bajo nivel cal\u00f3rico. L-Carnitina. Contiene Hidratos de carbono como cebada y sorgo. Con Fibras. Contraindicaci\u00f3n: Cachorros; Hembras pre\u00f1adas y [&hellip;]<\/p>\n","protected":false},"featured_media":2532,"comment_status":"open","ping_status":"closed","template":"","meta":{"_et_pb_use_builder":"","_et_pb_old_content":"","_et_gb_content_width":"","_joinchat":[]},"product_brand":[],"product_cat":[67],"product_tag":[],"class_list":{"0":"post-2529","1":"product","2":"type-product","3":"status-publish","4":"has-post-thumbnail","6":"product_cat-equilibrio","8":"first","9":"instock","10":"shipping-taxable","11":"purchasable","12":"product-type-variable"},"_links":{"self":[{"href":"https:\/\/lamascoteriaonline.co\/shop\/wp-json\/wp\/v2\/product\/2529","targetHints":{"allow":["GET"]}}],"collection":[{"href":"https:\/\/lamascoteriaonline.co\/shop\/wp-json\/wp\/v2\/product"}],"about":[{"href":"https:\/\/lamascoteriaonline.co\/shop\/wp-json\/wp\/v2\/types\/product"}],"replies":[{"embeddable":true,"href":"https:\/\/lamascoteriaonline.co\/shop\/wp-json\/wp\/v2\/comments?post=2529"}],"wp:featuredmedia":[{"embeddable":true,"href":"https:\/\/lamascoteriaonline.co\/shop\/wp-json\/wp\/v2\/media\/2532"}],"wp:attachment":[{"href":"https:\/\/lamascoteriaonline.co\/shop\/wp-json\/wp\/v2\/media?parent=2529"}],"wp:term":[{"taxonomy":"product_brand","embeddable":true,"href":"https:\/\/lamascoteriaonline.co\/shop\/wp-json\/wp\/v2\/product_brand?post=2529"},{"taxonomy":"product_cat","embeddable":true,"href":"https:\/\/lamascoteriaonline.co\/shop\/wp-json\/wp\/v2\/product_cat?post=2529"},{"taxonomy":"product_tag","embeddable":true,"href":"https:\/\/lamascoteriaonline.co\/shop\/wp-json\/wp\/v2\/product_tag?post=2529"}],"curies":[{"name":"wp","href":"https:\/\/api.w.org\/{rel}","templated":true}]}}