{"id":2525,"date":"2019-01-05T16:11:13","date_gmt":"2019-01-05T16:11:13","guid":{"rendered":"http:\/\/lamascoteriaonline.co\/shop\/?post_type=product&#038;p=2525"},"modified":"2024-09-03T14:57:43","modified_gmt":"2024-09-03T14:57:43","slug":"equilibrio-veterinary-hypoallergenyc","status":"publish","type":"product","link":"https:\/\/lamascoteriaonline.co\/shop\/product\/equilibrio-veterinary-hypoallergenyc\/","title":{"rendered":"Equilibrio Veterinary Hypoallergenyc"},"content":{"rendered":"<p>Alimento crecomendado como alimento auxiliar en el tratamiento de perros con alergia a alimentos o intolerancia a alimentos; con manifestaciones dermatol\u00f3gicas y\/o digestivas que se hayan manifestado ante ingredientes y nutrientes. Requiere la prescipci\u00f3n de un m\u00e9dico veterinario.<\/p>\n<ul>\n<li>Contiene Prote\u00edna de Soja hidrolizada.<\/li>\n<li>Con Omega 3.<\/li>\n<\/ul>\n","protected":false},"excerpt":{"rendered":"<p>Alimento crecomendado como alimento auxiliar en el tratamiento de perros con alergia a alimentos o intolerancia a alimentos; con manifestaciones dermatol\u00f3gicas y\/o digestivas que se hayan manifestado ante ingredientes y nutrientes. Requiere la prescipci\u00f3n de un m\u00e9dico veterinario. Contiene Prote\u00edna de Soja hidrolizada. Con Omega 3.<\/p>\n","protected":false},"featured_media":2528,"comment_status":"open","ping_status":"closed","template":"","meta":{"_et_pb_use_builder":"","_et_pb_old_content":"","_et_gb_content_width":"","_joinchat":[]},"product_brand":[],"product_cat":[67],"product_tag":[],"class_list":{"0":"post-2525","1":"product","2":"type-product","3":"status-publish","4":"has-post-thumbnail","6":"product_cat-equilibrio","8":"first","9":"instock","10":"shipping-taxable","11":"purchasable","12":"product-type-variable"},"_links":{"self":[{"href":"https:\/\/lamascoteriaonline.co\/shop\/wp-json\/wp\/v2\/product\/2525","targetHints":{"allow":["GET"]}}],"collection":[{"href":"https:\/\/lamascoteriaonline.co\/shop\/wp-json\/wp\/v2\/product"}],"about":[{"href":"https:\/\/lamascoteriaonline.co\/shop\/wp-json\/wp\/v2\/types\/product"}],"replies":[{"embeddable":true,"href":"https:\/\/lamascoteriaonline.co\/shop\/wp-json\/wp\/v2\/comments?post=2525"}],"wp:featuredmedia":[{"embeddable":true,"href":"https:\/\/lamascoteriaonline.co\/shop\/wp-json\/wp\/v2\/media\/2528"}],"wp:attachment":[{"href":"https:\/\/lamascoteriaonline.co\/shop\/wp-json\/wp\/v2\/media?parent=2525"}],"wp:term":[{"taxonomy":"product_brand","embeddable":true,"href":"https:\/\/lamascoteriaonline.co\/shop\/wp-json\/wp\/v2\/product_brand?post=2525"},{"taxonomy":"product_cat","embeddable":true,"href":"https:\/\/lamascoteriaonline.co\/shop\/wp-json\/wp\/v2\/product_cat?post=2525"},{"taxonomy":"product_tag","embeddable":true,"href":"https:\/\/lamascoteriaonline.co\/shop\/wp-json\/wp\/v2\/product_tag?post=2525"}],"curies":[{"name":"wp","href":"https:\/\/api.w.org\/{rel}","templated":true}]}}