{"id":2521,"date":"2019-01-05T16:04:40","date_gmt":"2019-01-05T16:04:40","guid":{"rendered":"http:\/\/lamascoteriaonline.co\/shop\/?post_type=product&#038;p=2521"},"modified":"2024-09-03T14:57:05","modified_gmt":"2024-09-03T14:57:05","slug":"equilibrio-veterinary-cardiac","status":"publish","type":"product","link":"https:\/\/lamascoteriaonline.co\/shop\/product\/equilibrio-veterinary-cardiac\/","title":{"rendered":"Equilibrio Veterinary Cardiac 2 kg"},"content":{"rendered":"<p>Alimento coadyuvante para perros. Recomendado como alimento auxiliar en el tratamiento de perros con enfermedades cardiovasculares. Requiere la prescipci\u00f3n de un m\u00e9dico veterinario.<\/p>\n<ul>\n<li>Contiene Taurina y L-carnitina.<\/li>\n<li>Con Omega 3.<\/li>\n<li>Bajos niveles de Sodio.<\/li>\n<li>Bajos niveles de F\u00f3sforo.<\/li>\n<li>Periodo de Administraci\u00f3n: Por toda la vida del animal, sin interrupciones y con seguimiento del m\u00e9dico veterinario.<\/li>\n<li>Contraindicaci\u00f3n: Cachorros, Hembras pre\u00f1adas o lactantes o perros con cuadro de depleci\u00f3n de sodio.<\/li>\n<\/ul>\n","protected":false},"excerpt":{"rendered":"<p>Alimento coadyuvante para perros. Recomendado como alimento auxiliar en el tratamiento de perros con enfermedades cardiovasculares. Requiere la prescipci\u00f3n de un m\u00e9dico veterinario. Contiene Taurina y L-carnitina. Con Omega 3. Bajos niveles de Sodio. Bajos niveles de F\u00f3sforo. Periodo de Administraci\u00f3n: Por toda la vida del animal, sin interrupciones y con seguimiento del m\u00e9dico veterinario. [&hellip;]<\/p>\n","protected":false},"featured_media":2524,"comment_status":"open","ping_status":"closed","template":"","meta":{"_et_pb_use_builder":"","_et_pb_old_content":"","_et_gb_content_width":"","_joinchat":[]},"product_brand":[],"product_cat":[67],"product_tag":[],"class_list":{"0":"post-2521","1":"product","2":"type-product","3":"status-publish","4":"has-post-thumbnail","6":"product_cat-equilibrio","8":"first","9":"instock","10":"shipping-taxable","11":"purchasable","12":"product-type-simple"},"_links":{"self":[{"href":"https:\/\/lamascoteriaonline.co\/shop\/wp-json\/wp\/v2\/product\/2521","targetHints":{"allow":["GET"]}}],"collection":[{"href":"https:\/\/lamascoteriaonline.co\/shop\/wp-json\/wp\/v2\/product"}],"about":[{"href":"https:\/\/lamascoteriaonline.co\/shop\/wp-json\/wp\/v2\/types\/product"}],"replies":[{"embeddable":true,"href":"https:\/\/lamascoteriaonline.co\/shop\/wp-json\/wp\/v2\/comments?post=2521"}],"wp:featuredmedia":[{"embeddable":true,"href":"https:\/\/lamascoteriaonline.co\/shop\/wp-json\/wp\/v2\/media\/2524"}],"wp:attachment":[{"href":"https:\/\/lamascoteriaonline.co\/shop\/wp-json\/wp\/v2\/media?parent=2521"}],"wp:term":[{"taxonomy":"product_brand","embeddable":true,"href":"https:\/\/lamascoteriaonline.co\/shop\/wp-json\/wp\/v2\/product_brand?post=2521"},{"taxonomy":"product_cat","embeddable":true,"href":"https:\/\/lamascoteriaonline.co\/shop\/wp-json\/wp\/v2\/product_cat?post=2521"},{"taxonomy":"product_tag","embeddable":true,"href":"https:\/\/lamascoteriaonline.co\/shop\/wp-json\/wp\/v2\/product_tag?post=2521"}],"curies":[{"name":"wp","href":"https:\/\/api.w.org\/{rel}","templated":true}]}}