{"id":2472,"date":"2019-01-04T23:45:34","date_gmt":"2019-01-04T23:45:34","guid":{"rendered":"http:\/\/lamascoteriaonline.co\/shop\/?post_type=product&#038;p=2472"},"modified":"2023-06-28T20:45:54","modified_gmt":"2023-06-28T20:45:54","slug":"hills-gato-w-d-4lbs","status":"publish","type":"product","link":"https:\/\/lamascoteriaonline.co\/shop\/product\/hills-gato-w-d-4lbs\/","title":{"rendered":"Hills Gato W\/D 4lbs"},"content":{"rendered":"<p>Alimento seco especialmente formulado para apoyar el manejo de peso de su gato. Ayudar a evitar el aumento de peso y disminuir los niveles de l\u00edpidos. Requiere la prescipci\u00f3n de un m\u00e9dico veterinario<\/p>\n<ul>\n<li>Ayuda a metabolizar la grasa y conservar la masa muscular.<\/li>\n<li>Ayuda a mantener un peso sano.<\/li>\n<li>Promueve la salud del tracto urinario.<\/li>\n<li>Apoya un sistema inmunol\u00f3gico sano.<\/li>\n<\/ul>\n<p>&nbsp;<\/p>\n<p>&nbsp;<\/p>\n<p>&nbsp;<\/p>\n","protected":false},"excerpt":{"rendered":"<p>Alimento seco especialmente formulado para apoyar el manejo de peso de su gato. Ayudar a evitar el aumento de peso y disminuir los niveles de l\u00edpidos. Requiere la prescipci\u00f3n de un m\u00e9dico veterinario Ayuda a metabolizar la grasa y conservar la masa muscular. Ayuda a mantener un peso sano. Promueve la salud del tracto urinario. [&hellip;]<\/p>\n","protected":false},"featured_media":9962,"comment_status":"open","ping_status":"closed","template":"","meta":{"_et_pb_use_builder":"","_et_pb_old_content":"","_et_gb_content_width":"","_joinchat":[]},"product_brand":[],"product_cat":[71],"product_tag":[],"class_list":{"0":"post-2472","1":"product","2":"type-product","3":"status-publish","4":"has-post-thumbnail","6":"product_cat-hills-gatos","8":"first","9":"instock","10":"shipping-taxable","11":"purchasable","12":"product-type-simple"},"_links":{"self":[{"href":"https:\/\/lamascoteriaonline.co\/shop\/wp-json\/wp\/v2\/product\/2472","targetHints":{"allow":["GET"]}}],"collection":[{"href":"https:\/\/lamascoteriaonline.co\/shop\/wp-json\/wp\/v2\/product"}],"about":[{"href":"https:\/\/lamascoteriaonline.co\/shop\/wp-json\/wp\/v2\/types\/product"}],"replies":[{"embeddable":true,"href":"https:\/\/lamascoteriaonline.co\/shop\/wp-json\/wp\/v2\/comments?post=2472"}],"wp:featuredmedia":[{"embeddable":true,"href":"https:\/\/lamascoteriaonline.co\/shop\/wp-json\/wp\/v2\/media\/9962"}],"wp:attachment":[{"href":"https:\/\/lamascoteriaonline.co\/shop\/wp-json\/wp\/v2\/media?parent=2472"}],"wp:term":[{"taxonomy":"product_brand","embeddable":true,"href":"https:\/\/lamascoteriaonline.co\/shop\/wp-json\/wp\/v2\/product_brand?post=2472"},{"taxonomy":"product_cat","embeddable":true,"href":"https:\/\/lamascoteriaonline.co\/shop\/wp-json\/wp\/v2\/product_cat?post=2472"},{"taxonomy":"product_tag","embeddable":true,"href":"https:\/\/lamascoteriaonline.co\/shop\/wp-json\/wp\/v2\/product_tag?post=2472"}],"curies":[{"name":"wp","href":"https:\/\/api.w.org\/{rel}","templated":true}]}}