{"id":2466,"date":"2019-01-04T23:38:34","date_gmt":"2019-01-04T23:38:34","guid":{"rendered":"http:\/\/lamascoteriaonline.co\/shop\/?post_type=product&#038;p=2466"},"modified":"2023-06-28T20:44:28","modified_gmt":"2023-06-28T20:44:28","slug":"hills-gato-metabolic-4lbs","status":"publish","type":"product","link":"https:\/\/lamascoteriaonline.co\/shop\/product\/hills-gato-metabolic-4lbs\/","title":{"rendered":"Hills Gato Metabolic 4lbs"},"content":{"rendered":"<p>Alimento seco formulado especialmente para apoyar en el manejo del peso de su gato. El 88% de las mascotas perdieron peso en casa en 2 meses con la nutrici\u00f3n de Metabolic. Requiere la prescripci\u00f3n de un m\u00e9dico veterinario<\/p>\n<ul>\n<li>Trabaja naturalmente con el metabolismo \u00fanico de su mascota.<\/li>\n<li>Evita recuperar el peso despu\u00e9s de perderlo.<\/li>\n<li>Ayuda a su mascota a sentirse llena y satisfecha entre comidas.<\/li>\n<li>Apoya la vitalidad y salud hol\u00edstica.<\/li>\n<\/ul>\n","protected":false},"excerpt":{"rendered":"<p>Alimento seco formulado especialmente para apoyar en el manejo del peso de su gato. El 88% de las mascotas perdieron peso en casa en 2 meses con la nutrici\u00f3n de Metabolic. Requiere la prescripci\u00f3n de un m\u00e9dico veterinario Trabaja naturalmente con el metabolismo \u00fanico de su mascota. Evita recuperar el peso despu\u00e9s de perderlo. Ayuda [&hellip;]<\/p>\n","protected":false},"featured_media":9966,"comment_status":"open","ping_status":"closed","template":"","meta":{"_et_pb_use_builder":"","_et_pb_old_content":"","_et_gb_content_width":"","_joinchat":[]},"product_brand":[],"product_cat":[71],"product_tag":[],"class_list":{"0":"post-2466","1":"product","2":"type-product","3":"status-publish","4":"has-post-thumbnail","6":"product_cat-hills-gatos","8":"first","9":"instock","10":"shipping-taxable","11":"purchasable","12":"product-type-simple"},"_links":{"self":[{"href":"https:\/\/lamascoteriaonline.co\/shop\/wp-json\/wp\/v2\/product\/2466","targetHints":{"allow":["GET"]}}],"collection":[{"href":"https:\/\/lamascoteriaonline.co\/shop\/wp-json\/wp\/v2\/product"}],"about":[{"href":"https:\/\/lamascoteriaonline.co\/shop\/wp-json\/wp\/v2\/types\/product"}],"replies":[{"embeddable":true,"href":"https:\/\/lamascoteriaonline.co\/shop\/wp-json\/wp\/v2\/comments?post=2466"}],"wp:featuredmedia":[{"embeddable":true,"href":"https:\/\/lamascoteriaonline.co\/shop\/wp-json\/wp\/v2\/media\/9966"}],"wp:attachment":[{"href":"https:\/\/lamascoteriaonline.co\/shop\/wp-json\/wp\/v2\/media?parent=2466"}],"wp:term":[{"taxonomy":"product_brand","embeddable":true,"href":"https:\/\/lamascoteriaonline.co\/shop\/wp-json\/wp\/v2\/product_brand?post=2466"},{"taxonomy":"product_cat","embeddable":true,"href":"https:\/\/lamascoteriaonline.co\/shop\/wp-json\/wp\/v2\/product_cat?post=2466"},{"taxonomy":"product_tag","embeddable":true,"href":"https:\/\/lamascoteriaonline.co\/shop\/wp-json\/wp\/v2\/product_tag?post=2466"}],"curies":[{"name":"wp","href":"https:\/\/api.w.org\/{rel}","templated":true}]}}