{"id":2464,"date":"2019-01-04T23:36:10","date_gmt":"2019-01-04T23:36:10","guid":{"rendered":"http:\/\/lamascoteriaonline.co\/shop\/?post_type=product&#038;p=2464"},"modified":"2023-04-06T18:15:41","modified_gmt":"2023-04-06T18:15:41","slug":"hills-gato-m-d-4lbs","status":"publish","type":"product","link":"https:\/\/lamascoteriaonline.co\/shop\/product\/hills-gato-m-d-4lbs\/","title":{"rendered":"Hills Gato M\/D 4lbs"},"content":{"rendered":"<p>Alimento seco indicado para apoyar la funci\u00f3n renal del gato y ayudar a mantener la masa muscular. Requiere la prescripci\u00f3n de un m\u00e9dico veterinario<\/p>\n<ul>\n<li>F\u00f3sforo controlado y bajo en sodio.<\/li>\n<li>Alto nivel de amino\u00e1cidos esenciales: los componentes b\u00e1sicos de la prote\u00edna muscular.<\/li>\n<li>Niveles terap\u00e9uticos de L-carnitina y \u00e1cidos grasos Omega-3.<\/li>\n<\/ul>\n","protected":false},"excerpt":{"rendered":"<p>Alimento seco indicado para apoyar la funci\u00f3n renal del gato y ayudar a mantener la masa muscular. Requiere la prescripci\u00f3n de un m\u00e9dico veterinario F\u00f3sforo controlado y bajo en sodio. Alto nivel de amino\u00e1cidos esenciales: los componentes b\u00e1sicos de la prote\u00edna muscular. Niveles terap\u00e9uticos de L-carnitina y \u00e1cidos grasos Omega-3.<\/p>\n","protected":false},"featured_media":9968,"comment_status":"open","ping_status":"closed","template":"","meta":{"_et_pb_use_builder":"","_et_pb_old_content":"","_et_gb_content_width":"","_joinchat":[]},"product_brand":[],"product_cat":[71],"product_tag":[],"class_list":{"0":"post-2464","1":"product","2":"type-product","3":"status-publish","4":"has-post-thumbnail","6":"product_cat-hills-gatos","8":"first","9":"instock","10":"shipping-taxable","11":"purchasable","12":"product-type-simple"},"_links":{"self":[{"href":"https:\/\/lamascoteriaonline.co\/shop\/wp-json\/wp\/v2\/product\/2464","targetHints":{"allow":["GET"]}}],"collection":[{"href":"https:\/\/lamascoteriaonline.co\/shop\/wp-json\/wp\/v2\/product"}],"about":[{"href":"https:\/\/lamascoteriaonline.co\/shop\/wp-json\/wp\/v2\/types\/product"}],"replies":[{"embeddable":true,"href":"https:\/\/lamascoteriaonline.co\/shop\/wp-json\/wp\/v2\/comments?post=2464"}],"wp:featuredmedia":[{"embeddable":true,"href":"https:\/\/lamascoteriaonline.co\/shop\/wp-json\/wp\/v2\/media\/9968"}],"wp:attachment":[{"href":"https:\/\/lamascoteriaonline.co\/shop\/wp-json\/wp\/v2\/media?parent=2464"}],"wp:term":[{"taxonomy":"product_brand","embeddable":true,"href":"https:\/\/lamascoteriaonline.co\/shop\/wp-json\/wp\/v2\/product_brand?post=2464"},{"taxonomy":"product_cat","embeddable":true,"href":"https:\/\/lamascoteriaonline.co\/shop\/wp-json\/wp\/v2\/product_cat?post=2464"},{"taxonomy":"product_tag","embeddable":true,"href":"https:\/\/lamascoteriaonline.co\/shop\/wp-json\/wp\/v2\/product_tag?post=2464"}],"curies":[{"name":"wp","href":"https:\/\/api.w.org\/{rel}","templated":true}]}}