{"id":2462,"date":"2019-01-04T23:33:53","date_gmt":"2019-01-04T23:33:53","guid":{"rendered":"http:\/\/lamascoteriaonline.co\/shop\/?post_type=product&#038;p=2462"},"modified":"2023-06-28T20:43:11","modified_gmt":"2023-06-28T20:43:11","slug":"hills-gato-k-d-4lbs","status":"publish","type":"product","link":"https:\/\/lamascoteriaonline.co\/shop\/product\/hills-gato-k-d-4lbs\/","title":{"rendered":"Hills Gato K\/D 4lbs"},"content":{"rendered":"<p>Alimento seco especialmente formulado para apoyar la salud renal de su gato. Cl\u00ednicamente comprobado para mejorar y prolongar la calidad de vida. Requiere la prescipci\u00f3n de un m\u00e9dico veterinario<\/p>\n<ul>\n<li>Protege la funci\u00f3n vital de los ri\u00f1ones y coraz\u00f3n.<\/li>\n<li>Estimula la vitalidad y energ\u00eda.<\/li>\n<li>Fomenta el apetito y disfrute del alimento.<\/li>\n<li>Favorece una condici\u00f3n corporal sana.<\/li>\n<\/ul>\n","protected":false},"excerpt":{"rendered":"<p>Alimento seco especialmente formulado para apoyar la salud renal de su gato. Cl\u00ednicamente comprobado para mejorar y prolongar la calidad de vida. Requiere la prescipci\u00f3n de un m\u00e9dico veterinario Protege la funci\u00f3n vital de los ri\u00f1ones y coraz\u00f3n. Estimula la vitalidad y energ\u00eda. Fomenta el apetito y disfrute del alimento. Favorece una condici\u00f3n corporal sana.<\/p>\n","protected":false},"featured_media":9969,"comment_status":"open","ping_status":"closed","template":"","meta":{"_et_pb_use_builder":"","_et_pb_old_content":"","_et_gb_content_width":"","_joinchat":[]},"product_brand":[],"product_cat":[71],"product_tag":[],"class_list":{"0":"post-2462","1":"product","2":"type-product","3":"status-publish","4":"has-post-thumbnail","6":"product_cat-hills-gatos","8":"first","9":"instock","10":"shipping-taxable","11":"purchasable","12":"product-type-simple"},"_links":{"self":[{"href":"https:\/\/lamascoteriaonline.co\/shop\/wp-json\/wp\/v2\/product\/2462","targetHints":{"allow":["GET"]}}],"collection":[{"href":"https:\/\/lamascoteriaonline.co\/shop\/wp-json\/wp\/v2\/product"}],"about":[{"href":"https:\/\/lamascoteriaonline.co\/shop\/wp-json\/wp\/v2\/types\/product"}],"replies":[{"embeddable":true,"href":"https:\/\/lamascoteriaonline.co\/shop\/wp-json\/wp\/v2\/comments?post=2462"}],"wp:featuredmedia":[{"embeddable":true,"href":"https:\/\/lamascoteriaonline.co\/shop\/wp-json\/wp\/v2\/media\/9969"}],"wp:attachment":[{"href":"https:\/\/lamascoteriaonline.co\/shop\/wp-json\/wp\/v2\/media?parent=2462"}],"wp:term":[{"taxonomy":"product_brand","embeddable":true,"href":"https:\/\/lamascoteriaonline.co\/shop\/wp-json\/wp\/v2\/product_brand?post=2462"},{"taxonomy":"product_cat","embeddable":true,"href":"https:\/\/lamascoteriaonline.co\/shop\/wp-json\/wp\/v2\/product_cat?post=2462"},{"taxonomy":"product_tag","embeddable":true,"href":"https:\/\/lamascoteriaonline.co\/shop\/wp-json\/wp\/v2\/product_tag?post=2462"}],"curies":[{"name":"wp","href":"https:\/\/api.w.org\/{rel}","templated":true}]}}