{"id":2458,"date":"2019-01-04T23:29:04","date_gmt":"2019-01-04T23:29:04","guid":{"rendered":"http:\/\/lamascoteriaonline.co\/shop\/?post_type=product&#038;p=2458"},"modified":"2023-06-28T20:40:47","modified_gmt":"2023-06-28T20:40:47","slug":"hills-gato-c-d-4lbs","status":"publish","type":"product","link":"https:\/\/lamascoteriaonline.co\/shop\/product\/hills-gato-c-d-4lbs\/","title":{"rendered":"Hills Gato C\/D 4lbs"},"content":{"rendered":"<p>Alimento seco especialmente formulado para favorecer la salud urinaria de su gato. Requiere la prescripci\u00f3n de un m\u00e9dico veterinario<\/p>\n<ul>\n<li>Disuelve las piedras de estruvita en tan s\u00f3lo 7 d\u00edas (promedio 27 d\u00edas)<\/li>\n<li>Reduce el riesgo de piedras de estruvita y oxalato de calcio<\/li>\n<li>Recomendado para alimentaci\u00f3n de por vida de gatos adultos<\/li>\n<\/ul>\n","protected":false},"excerpt":{"rendered":"<p>Alimento seco especialmente formulado para favorecer la salud urinaria de su gato. Requiere la prescripci\u00f3n de un m\u00e9dico veterinario Disuelve las piedras de estruvita en tan s\u00f3lo 7 d\u00edas (promedio 27 d\u00edas) Reduce el riesgo de piedras de estruvita y oxalato de calcio Recomendado para alimentaci\u00f3n de por vida de gatos adultos<\/p>\n","protected":false},"featured_media":9972,"comment_status":"open","ping_status":"closed","template":"","meta":{"_et_pb_use_builder":"","_et_pb_old_content":"","_et_gb_content_width":"","_joinchat":[]},"product_brand":[],"product_cat":[71],"product_tag":[],"class_list":{"0":"post-2458","1":"product","2":"type-product","3":"status-publish","4":"has-post-thumbnail","6":"product_cat-hills-gatos","8":"first","9":"instock","10":"shipping-taxable","11":"purchasable","12":"product-type-simple"},"_links":{"self":[{"href":"https:\/\/lamascoteriaonline.co\/shop\/wp-json\/wp\/v2\/product\/2458","targetHints":{"allow":["GET"]}}],"collection":[{"href":"https:\/\/lamascoteriaonline.co\/shop\/wp-json\/wp\/v2\/product"}],"about":[{"href":"https:\/\/lamascoteriaonline.co\/shop\/wp-json\/wp\/v2\/types\/product"}],"replies":[{"embeddable":true,"href":"https:\/\/lamascoteriaonline.co\/shop\/wp-json\/wp\/v2\/comments?post=2458"}],"wp:featuredmedia":[{"embeddable":true,"href":"https:\/\/lamascoteriaonline.co\/shop\/wp-json\/wp\/v2\/media\/9972"}],"wp:attachment":[{"href":"https:\/\/lamascoteriaonline.co\/shop\/wp-json\/wp\/v2\/media?parent=2458"}],"wp:term":[{"taxonomy":"product_brand","embeddable":true,"href":"https:\/\/lamascoteriaonline.co\/shop\/wp-json\/wp\/v2\/product_brand?post=2458"},{"taxonomy":"product_cat","embeddable":true,"href":"https:\/\/lamascoteriaonline.co\/shop\/wp-json\/wp\/v2\/product_cat?post=2458"},{"taxonomy":"product_tag","embeddable":true,"href":"https:\/\/lamascoteriaonline.co\/shop\/wp-json\/wp\/v2\/product_tag?post=2458"}],"curies":[{"name":"wp","href":"https:\/\/api.w.org\/{rel}","templated":true}]}}