{"id":2442,"date":"2019-01-04T23:12:16","date_gmt":"2019-01-04T23:12:16","guid":{"rendered":"http:\/\/lamascoteriaonline.co\/shop\/?post_type=product&#038;p=2442"},"modified":"2023-06-28T20:36:11","modified_gmt":"2023-06-28T20:36:11","slug":"hills-perro-w-d-13-onzas","status":"publish","type":"product","link":"https:\/\/lamascoteriaonline.co\/shop\/product\/hills-perro-w-d-13-onzas\/","title":{"rendered":"Hills Perro W\/D 13 onzas"},"content":{"rendered":"<p>Alimento h\u00famedo que trata obesidad, transtornos gastrointestinales y diabetes Mellitus. Requiere la prescipci\u00f3n de un m\u00e9dico veterinario<\/p>\n<ul>\n<li>Ayuda a metabolizar la grasa y conservar la masa muscular.<\/li>\n<li>Ayuda a mantener un peso sano.<\/li>\n<li>Con pH urinario \u00e1cido que promueve la salud del tracto urinario .<\/li>\n<li>Apoya un sistema inmunol\u00f3gico sano.<\/li>\n<\/ul>\n<p>&nbsp;<\/p>\n<p>&nbsp;<\/p>\n<p>&nbsp;<\/p>\n<p>&nbsp;<\/p>\n<p>&nbsp;<\/p>\n","protected":false},"excerpt":{"rendered":"<p>Alimento h\u00famedo que trata obesidad, transtornos gastrointestinales y diabetes Mellitus. Requiere la prescipci\u00f3n de un m\u00e9dico veterinario Ayuda a metabolizar la grasa y conservar la masa muscular. Ayuda a mantener un peso sano. Con pH urinario \u00e1cido que promueve la salud del tracto urinario . Apoya un sistema inmunol\u00f3gico sano. &nbsp; &nbsp; &nbsp; &nbsp; &nbsp;<\/p>\n","protected":false},"featured_media":2443,"comment_status":"open","ping_status":"closed","template":"","meta":{"_et_pb_use_builder":"","_et_pb_old_content":"","_et_gb_content_width":"","_joinchat":[]},"product_brand":[],"product_cat":[28],"product_tag":[],"class_list":{"0":"post-2442","1":"product","2":"type-product","3":"status-publish","4":"has-post-thumbnail","6":"product_cat-hills-humedo-perros","8":"first","9":"instock","10":"shipping-taxable","11":"purchasable","12":"product-type-simple"},"_links":{"self":[{"href":"https:\/\/lamascoteriaonline.co\/shop\/wp-json\/wp\/v2\/product\/2442","targetHints":{"allow":["GET"]}}],"collection":[{"href":"https:\/\/lamascoteriaonline.co\/shop\/wp-json\/wp\/v2\/product"}],"about":[{"href":"https:\/\/lamascoteriaonline.co\/shop\/wp-json\/wp\/v2\/types\/product"}],"replies":[{"embeddable":true,"href":"https:\/\/lamascoteriaonline.co\/shop\/wp-json\/wp\/v2\/comments?post=2442"}],"wp:featuredmedia":[{"embeddable":true,"href":"https:\/\/lamascoteriaonline.co\/shop\/wp-json\/wp\/v2\/media\/2443"}],"wp:attachment":[{"href":"https:\/\/lamascoteriaonline.co\/shop\/wp-json\/wp\/v2\/media?parent=2442"}],"wp:term":[{"taxonomy":"product_brand","embeddable":true,"href":"https:\/\/lamascoteriaonline.co\/shop\/wp-json\/wp\/v2\/product_brand?post=2442"},{"taxonomy":"product_cat","embeddable":true,"href":"https:\/\/lamascoteriaonline.co\/shop\/wp-json\/wp\/v2\/product_cat?post=2442"},{"taxonomy":"product_tag","embeddable":true,"href":"https:\/\/lamascoteriaonline.co\/shop\/wp-json\/wp\/v2\/product_tag?post=2442"}],"curies":[{"name":"wp","href":"https:\/\/api.w.org\/{rel}","templated":true}]}}