{"id":2432,"date":"2019-01-04T22:59:49","date_gmt":"2019-01-04T22:59:49","guid":{"rendered":"http:\/\/lamascoteriaonline.co\/shop\/?post_type=product&#038;p=2432"},"modified":"2020-10-02T16:27:19","modified_gmt":"2020-10-02T16:27:19","slug":"hills-perro-s-d-13-onzas","status":"publish","type":"product","link":"https:\/\/lamascoteriaonline.co\/shop\/product\/hills-perro-s-d-13-onzas\/","title":{"rendered":"Hills Perro S\/D 13 onzas"},"content":{"rendered":"<p>Alimento h\u00famedo formulado especialmente para dar a apoyo a la salud urinaria de su perro. Requiere la prescripci\u00f3n de un m\u00e9dico veterinario<\/p>\n<ul>\n<li>Con bajos niveles de Manesio, F\u00f3sfolo y Prote\u00edna que ayudan a la disoluci\u00f3n de Urolitos y cristales de estruvita.<\/li>\n<li>Mantiene un pH urinario \u00e1cido previniendo la formaci\u00f3n de cristales de estruvita.<\/li>\n<li>Apoya un sistema inmunol\u00f3gico sano<\/li>\n<\/ul>\n<p>&nbsp;<\/p>\n<p>&nbsp;<\/p>\n<p>&nbsp;<\/p>\n","protected":false},"excerpt":{"rendered":"<p>Alimento h\u00famedo formulado especialmente para dar a apoyo a la salud urinaria de su perro. Requiere la prescripci\u00f3n de un m\u00e9dico veterinario Con bajos niveles de Manesio, F\u00f3sfolo y Prote\u00edna que ayudan a la disoluci\u00f3n de Urolitos y cristales de estruvita. Mantiene un pH urinario \u00e1cido previniendo la formaci\u00f3n de cristales de estruvita. Apoya un [&hellip;]<\/p>\n","protected":false},"featured_media":2433,"comment_status":"open","ping_status":"closed","template":"","meta":{"_et_pb_use_builder":"","_et_pb_old_content":"","_et_gb_content_width":"","_joinchat":[]},"product_brand":[],"product_cat":[28],"product_tag":[],"class_list":{"0":"post-2432","1":"product","2":"type-product","3":"status-publish","4":"has-post-thumbnail","6":"product_cat-hills-humedo-perros","8":"first","9":"instock","10":"shipping-taxable","11":"purchasable","12":"product-type-simple"},"_links":{"self":[{"href":"https:\/\/lamascoteriaonline.co\/shop\/wp-json\/wp\/v2\/product\/2432","targetHints":{"allow":["GET"]}}],"collection":[{"href":"https:\/\/lamascoteriaonline.co\/shop\/wp-json\/wp\/v2\/product"}],"about":[{"href":"https:\/\/lamascoteriaonline.co\/shop\/wp-json\/wp\/v2\/types\/product"}],"replies":[{"embeddable":true,"href":"https:\/\/lamascoteriaonline.co\/shop\/wp-json\/wp\/v2\/comments?post=2432"}],"wp:featuredmedia":[{"embeddable":true,"href":"https:\/\/lamascoteriaonline.co\/shop\/wp-json\/wp\/v2\/media\/2433"}],"wp:attachment":[{"href":"https:\/\/lamascoteriaonline.co\/shop\/wp-json\/wp\/v2\/media?parent=2432"}],"wp:term":[{"taxonomy":"product_brand","embeddable":true,"href":"https:\/\/lamascoteriaonline.co\/shop\/wp-json\/wp\/v2\/product_brand?post=2432"},{"taxonomy":"product_cat","embeddable":true,"href":"https:\/\/lamascoteriaonline.co\/shop\/wp-json\/wp\/v2\/product_cat?post=2432"},{"taxonomy":"product_tag","embeddable":true,"href":"https:\/\/lamascoteriaonline.co\/shop\/wp-json\/wp\/v2\/product_tag?post=2432"}],"curies":[{"name":"wp","href":"https:\/\/api.w.org\/{rel}","templated":true}]}}