{"id":2427,"date":"2019-01-04T22:55:13","date_gmt":"2019-01-04T22:55:13","guid":{"rendered":"http:\/\/lamascoteriaonline.co\/shop\/?post_type=product&#038;p=2427"},"modified":"2023-06-28T20:32:48","modified_gmt":"2023-06-28T20:32:48","slug":"hills-perro-metabolic-mobility","status":"publish","type":"product","link":"https:\/\/lamascoteriaonline.co\/shop\/product\/hills-perro-metabolic-mobility\/","title":{"rendered":"Hills Perro Metabolic + Mobility"},"content":{"rendered":"<p>Alimento seco indicado para el tratamiento de la obesidad y el cuidado de las articulaciones. Requiere la prescripci\u00f3n de un m\u00e9dico veterinario<\/p>\n<ul>\n<li>Trabaja naturalmente con el metabolismo \u00fanico de su mascota.<\/li>\n<li>Mejora la habilidad de su perro para correr, caminar y saltar.<\/li>\n<li>Ayuda a que la mascota se sienta llena y satisfecha entre comidas.<\/li>\n<li>Contiene EPA Y AAL, \u00c1cidos grasos que interrumpen la degradaci\u00f3n de los cart\u00edlagos.<\/li>\n<\/ul>\n<p>&nbsp;<\/p>\n<p>&nbsp;<\/p>\n<p>&nbsp;<\/p>\n<p>&nbsp;<\/p>\n<p>&nbsp;<\/p>\n<p>&nbsp;<\/p>\n","protected":false},"excerpt":{"rendered":"<p>Alimento seco indicado para el tratamiento de la obesidad y el cuidado de las articulaciones. Requiere la prescripci\u00f3n de un m\u00e9dico veterinario Trabaja naturalmente con el metabolismo \u00fanico de su mascota. Mejora la habilidad de su perro para correr, caminar y saltar. Ayuda a que la mascota se sienta llena y satisfecha entre comidas. Contiene [&hellip;]<\/p>\n","protected":false},"featured_media":2431,"comment_status":"open","ping_status":"closed","template":"","meta":{"_et_pb_use_builder":"","_et_pb_old_content":"","_et_gb_content_width":"","_joinchat":[]},"product_brand":[],"product_cat":[22],"product_tag":[],"class_list":{"0":"post-2427","1":"product","2":"type-product","3":"status-publish","4":"has-post-thumbnail","6":"product_cat-hills-perros","8":"first","9":"instock","10":"shipping-taxable","11":"purchasable","12":"product-type-variable"},"_links":{"self":[{"href":"https:\/\/lamascoteriaonline.co\/shop\/wp-json\/wp\/v2\/product\/2427","targetHints":{"allow":["GET"]}}],"collection":[{"href":"https:\/\/lamascoteriaonline.co\/shop\/wp-json\/wp\/v2\/product"}],"about":[{"href":"https:\/\/lamascoteriaonline.co\/shop\/wp-json\/wp\/v2\/types\/product"}],"replies":[{"embeddable":true,"href":"https:\/\/lamascoteriaonline.co\/shop\/wp-json\/wp\/v2\/comments?post=2427"}],"wp:featuredmedia":[{"embeddable":true,"href":"https:\/\/lamascoteriaonline.co\/shop\/wp-json\/wp\/v2\/media\/2431"}],"wp:attachment":[{"href":"https:\/\/lamascoteriaonline.co\/shop\/wp-json\/wp\/v2\/media?parent=2427"}],"wp:term":[{"taxonomy":"product_brand","embeddable":true,"href":"https:\/\/lamascoteriaonline.co\/shop\/wp-json\/wp\/v2\/product_brand?post=2427"},{"taxonomy":"product_cat","embeddable":true,"href":"https:\/\/lamascoteriaonline.co\/shop\/wp-json\/wp\/v2\/product_cat?post=2427"},{"taxonomy":"product_tag","embeddable":true,"href":"https:\/\/lamascoteriaonline.co\/shop\/wp-json\/wp\/v2\/product_tag?post=2427"}],"curies":[{"name":"wp","href":"https:\/\/api.w.org\/{rel}","templated":true}]}}