{"id":2419,"date":"2019-01-04T22:48:11","date_gmt":"2019-01-04T22:48:11","guid":{"rendered":"http:\/\/lamascoteriaonline.co\/shop\/?post_type=product&#038;p=2419"},"modified":"2023-06-28T20:29:47","modified_gmt":"2023-06-28T20:29:47","slug":"hills-perro-metabolic-13onzas","status":"publish","type":"product","link":"https:\/\/lamascoteriaonline.co\/shop\/product\/hills-perro-metabolic-13onzas\/","title":{"rendered":"Hills Perro Metabolic 13onzas"},"content":{"rendered":"<p>Alimento h\u00famedo para el tratamiento de la obesidad que acelera el metabolismo para ser mas eficaz la perdida de peso. Requiere la prescripci\u00f3n de un m\u00e9dico veterinario<\/p>\n<ul>\n<li>Paquete exclusivo de nutrientes sin\u00e9rgicamente eficaz y formulados con nutrigen\u00f3mica, que regula el apetito y mejora el metabolismo energ\u00e9tico<\/li>\n<li>Contiene fibra soluble e insoluble para fomentar la saciedad, contolar el apetito y mantener la salud gastrointestinal<\/li>\n<li>Ayuda a metabolizar la grasa para la producci\u00f3n de energ\u00eda y mantener la masa muscular magra<\/li>\n<\/ul>\n<p>&nbsp;<\/p>\n<p>&nbsp;<\/p>\n","protected":false},"excerpt":{"rendered":"<p>Alimento h\u00famedo para el tratamiento de la obesidad que acelera el metabolismo para ser mas eficaz la perdida de peso. Requiere la prescripci\u00f3n de un m\u00e9dico veterinario Paquete exclusivo de nutrientes sin\u00e9rgicamente eficaz y formulados con nutrigen\u00f3mica, que regula el apetito y mejora el metabolismo energ\u00e9tico Contiene fibra soluble e insoluble para fomentar la saciedad, [&hellip;]<\/p>\n","protected":false},"featured_media":2420,"comment_status":"open","ping_status":"closed","template":"","meta":{"_et_pb_use_builder":"","_et_pb_old_content":"","_et_gb_content_width":"","_joinchat":[]},"product_brand":[],"product_cat":[28],"product_tag":[],"class_list":{"0":"post-2419","1":"product","2":"type-product","3":"status-publish","4":"has-post-thumbnail","6":"product_cat-hills-humedo-perros","8":"first","9":"instock","10":"shipping-taxable","11":"purchasable","12":"product-type-simple"},"_links":{"self":[{"href":"https:\/\/lamascoteriaonline.co\/shop\/wp-json\/wp\/v2\/product\/2419","targetHints":{"allow":["GET"]}}],"collection":[{"href":"https:\/\/lamascoteriaonline.co\/shop\/wp-json\/wp\/v2\/product"}],"about":[{"href":"https:\/\/lamascoteriaonline.co\/shop\/wp-json\/wp\/v2\/types\/product"}],"replies":[{"embeddable":true,"href":"https:\/\/lamascoteriaonline.co\/shop\/wp-json\/wp\/v2\/comments?post=2419"}],"wp:featuredmedia":[{"embeddable":true,"href":"https:\/\/lamascoteriaonline.co\/shop\/wp-json\/wp\/v2\/media\/2420"}],"wp:attachment":[{"href":"https:\/\/lamascoteriaonline.co\/shop\/wp-json\/wp\/v2\/media?parent=2419"}],"wp:term":[{"taxonomy":"product_brand","embeddable":true,"href":"https:\/\/lamascoteriaonline.co\/shop\/wp-json\/wp\/v2\/product_brand?post=2419"},{"taxonomy":"product_cat","embeddable":true,"href":"https:\/\/lamascoteriaonline.co\/shop\/wp-json\/wp\/v2\/product_cat?post=2419"},{"taxonomy":"product_tag","embeddable":true,"href":"https:\/\/lamascoteriaonline.co\/shop\/wp-json\/wp\/v2\/product_tag?post=2419"}],"curies":[{"name":"wp","href":"https:\/\/api.w.org\/{rel}","templated":true}]}}