{"id":2412,"date":"2019-01-04T22:42:20","date_gmt":"2019-01-04T22:42:20","guid":{"rendered":"http:\/\/lamascoteriaonline.co\/shop\/?post_type=product&#038;p=2412"},"modified":"2023-06-28T20:34:23","modified_gmt":"2023-06-28T20:34:23","slug":"hills-perro-r-d","status":"publish","type":"product","link":"https:\/\/lamascoteriaonline.co\/shop\/product\/hills-perro-r-d\/","title":{"rendered":"Hills Perro R\/D"},"content":{"rendered":"<p>Alimento seco formulado especialmente para apoyar el manejo del peso. Cl\u00ednicamente comprobado para una disminuci\u00f3n sana de peso en tan s\u00f3lo 8 semanas. Requiere la prescripci\u00f3n de un m\u00e9dico veterinario<\/p>\n<ul>\n<li>Ayuda a metabolizar la grasa y conservar los m\u00fasculos magros gracias a su alto contenido de Licina y L-carnitina.<\/li>\n<li>Con un alto contenido de fibra soluble e insoluble que ayuda a su perro a sentirse lleno y satisfecho.<\/li>\n<li>Apoya un sistema inmunol\u00f3gico sano.<\/li>\n<\/ul>\n<p>&nbsp;<\/p>\n<p>&nbsp;<\/p>\n<p>&nbsp;<\/p>\n<p>&nbsp;<\/p>\n","protected":false},"excerpt":{"rendered":"<p>Alimento seco formulado especialmente para apoyar el manejo del peso. Cl\u00ednicamente comprobado para una disminuci\u00f3n sana de peso en tan s\u00f3lo 8 semanas. Requiere la prescripci\u00f3n de un m\u00e9dico veterinario Ayuda a metabolizar la grasa y conservar los m\u00fasculos magros gracias a su alto contenido de Licina y L-carnitina. Con un alto contenido de fibra [&hellip;]<\/p>\n","protected":false},"featured_media":2416,"comment_status":"open","ping_status":"closed","template":"","meta":{"_et_pb_use_builder":"","_et_pb_old_content":"","_et_gb_content_width":"","_joinchat":[]},"product_brand":[],"product_cat":[22],"product_tag":[],"class_list":{"0":"post-2412","1":"product","2":"type-product","3":"status-publish","4":"has-post-thumbnail","6":"product_cat-hills-perros","8":"first","9":"instock","10":"shipping-taxable","11":"purchasable","12":"product-type-variable"},"_links":{"self":[{"href":"https:\/\/lamascoteriaonline.co\/shop\/wp-json\/wp\/v2\/product\/2412","targetHints":{"allow":["GET"]}}],"collection":[{"href":"https:\/\/lamascoteriaonline.co\/shop\/wp-json\/wp\/v2\/product"}],"about":[{"href":"https:\/\/lamascoteriaonline.co\/shop\/wp-json\/wp\/v2\/types\/product"}],"replies":[{"embeddable":true,"href":"https:\/\/lamascoteriaonline.co\/shop\/wp-json\/wp\/v2\/comments?post=2412"}],"wp:featuredmedia":[{"embeddable":true,"href":"https:\/\/lamascoteriaonline.co\/shop\/wp-json\/wp\/v2\/media\/2416"}],"wp:attachment":[{"href":"https:\/\/lamascoteriaonline.co\/shop\/wp-json\/wp\/v2\/media?parent=2412"}],"wp:term":[{"taxonomy":"product_brand","embeddable":true,"href":"https:\/\/lamascoteriaonline.co\/shop\/wp-json\/wp\/v2\/product_brand?post=2412"},{"taxonomy":"product_cat","embeddable":true,"href":"https:\/\/lamascoteriaonline.co\/shop\/wp-json\/wp\/v2\/product_cat?post=2412"},{"taxonomy":"product_tag","embeddable":true,"href":"https:\/\/lamascoteriaonline.co\/shop\/wp-json\/wp\/v2\/product_tag?post=2412"}],"curies":[{"name":"wp","href":"https:\/\/api.w.org\/{rel}","templated":true}]}}