{"id":2408,"date":"2019-01-04T22:37:12","date_gmt":"2019-01-04T22:37:12","guid":{"rendered":"http:\/\/lamascoteriaonline.co\/shop\/?post_type=product&#038;p=2408"},"modified":"2023-06-28T20:27:46","modified_gmt":"2023-06-28T20:27:46","slug":"hills-perro-l-d-13onzas","status":"publish","type":"product","link":"https:\/\/lamascoteriaonline.co\/shop\/product\/hills-perro-l-d-13onzas\/","title":{"rendered":"Hills Perro L\/D 13onzas"},"content":{"rendered":"<ul>\n<li>Niveles de grasas y prote\u00ednas reducidos para prevenir el da\u00f1o hep\u00e1tico.<\/li>\n<li>Nutrientes f\u00e1cilmente metabolizables.<\/li>\n<li>Se puede sumistrar solo o mezclado con el alimento seco.<\/li>\n<li>Preferiblemente suministrar en conjunto con\u00a0<a href=\"http:\/\/www.ciudaddemascotas.com\/Perros\/hills-perro-l-d\">Hill&#8217;s Prescription Diet L\/D<\/a><\/li>\n<li>Ayuda a mejorar el metabolismo de las grasas a nivel hep\u00e1tico<\/li>\n<li>Reduce la sobrecarga y promueve la regeneraci\u00f3n de c\u00e9lulas hep\u00e1ticas gracias a su contenido de proteina altamente digestible<\/li>\n<li>Reduce el riesgo de encefelopat\u00eda hep\u00e1tica gracias a los niveles ideales de fibra soluble que disminuyen la absorci\u00f3n de amoniaco<\/li>\n<li>Evita el da\u00f1o de las celulas hep\u00e1ticas gracias a sus bajos niveles de cobre<\/li>\n<li>Apto para suplir las necesidades nutricionales de adultos y cachorros<\/li>\n<\/ul>\n<p>&nbsp;<\/p>\n<p>&nbsp;<\/p>\n<p>&nbsp;<\/p>\n","protected":false},"excerpt":{"rendered":"<p>Niveles de grasas y prote\u00ednas reducidos para prevenir el da\u00f1o hep\u00e1tico. Nutrientes f\u00e1cilmente metabolizables. Se puede sumistrar solo o mezclado con el alimento seco. Preferiblemente suministrar en conjunto con\u00a0Hill&#8217;s Prescription Diet L\/D Ayuda a mejorar el metabolismo de las grasas a nivel hep\u00e1tico Reduce la sobrecarga y promueve la regeneraci\u00f3n de c\u00e9lulas hep\u00e1ticas gracias a [&hellip;]<\/p>\n","protected":false},"featured_media":2409,"comment_status":"open","ping_status":"closed","template":"","meta":{"_et_pb_use_builder":"","_et_pb_old_content":"","_et_gb_content_width":"","_joinchat":[]},"product_brand":[],"product_cat":[28],"product_tag":[],"class_list":{"0":"post-2408","1":"product","2":"type-product","3":"status-publish","4":"has-post-thumbnail","6":"product_cat-hills-humedo-perros","8":"first","9":"instock","10":"shipping-taxable","11":"purchasable","12":"product-type-simple"},"_links":{"self":[{"href":"https:\/\/lamascoteriaonline.co\/shop\/wp-json\/wp\/v2\/product\/2408","targetHints":{"allow":["GET"]}}],"collection":[{"href":"https:\/\/lamascoteriaonline.co\/shop\/wp-json\/wp\/v2\/product"}],"about":[{"href":"https:\/\/lamascoteriaonline.co\/shop\/wp-json\/wp\/v2\/types\/product"}],"replies":[{"embeddable":true,"href":"https:\/\/lamascoteriaonline.co\/shop\/wp-json\/wp\/v2\/comments?post=2408"}],"wp:featuredmedia":[{"embeddable":true,"href":"https:\/\/lamascoteriaonline.co\/shop\/wp-json\/wp\/v2\/media\/2409"}],"wp:attachment":[{"href":"https:\/\/lamascoteriaonline.co\/shop\/wp-json\/wp\/v2\/media?parent=2408"}],"wp:term":[{"taxonomy":"product_brand","embeddable":true,"href":"https:\/\/lamascoteriaonline.co\/shop\/wp-json\/wp\/v2\/product_brand?post=2408"},{"taxonomy":"product_cat","embeddable":true,"href":"https:\/\/lamascoteriaonline.co\/shop\/wp-json\/wp\/v2\/product_cat?post=2408"},{"taxonomy":"product_tag","embeddable":true,"href":"https:\/\/lamascoteriaonline.co\/shop\/wp-json\/wp\/v2\/product_tag?post=2408"}],"curies":[{"name":"wp","href":"https:\/\/api.w.org\/{rel}","templated":true}]}}