{"id":2403,"date":"2019-01-04T22:30:23","date_gmt":"2019-01-04T22:30:23","guid":{"rendered":"http:\/\/lamascoteriaonline.co\/shop\/?post_type=product&#038;p=2403"},"modified":"2023-06-28T20:21:30","modified_gmt":"2023-06-28T20:21:30","slug":"hills-perro-k-d-estofado-5onzas","status":"publish","type":"product","link":"https:\/\/lamascoteriaonline.co\/shop\/product\/hills-perro-k-d-estofado-5onzas\/","title":{"rendered":"Hills Perro K\/D Estofado 5,5onzas"},"content":{"rendered":"<p>Alimento h\u00famedo para apoyar la salud renal de su perro. Cl\u00ednicamente comprobado para mejorar y prolongar la calidad de vida. Requiere la prescipci\u00f3n de un m\u00e9dico veterinario<\/p>\n<ul>\n<li>Protege la funci\u00f3n vital del ri\u00f1\u00f3n y el coraz\u00f3n<\/li>\n<li>Dispara la vitalidad y energ\u00eda<\/li>\n<li>Favorece el apetito y disfrute del alimento<\/li>\n<li>Mantiene una condici\u00f3n corporal sana<\/li>\n<\/ul>\n<p>&nbsp;<\/p>\n<p>&nbsp;<\/p>\n<p>&nbsp;<\/p>\n<p>&nbsp;<\/p>\n","protected":false},"excerpt":{"rendered":"<p>Alimento h\u00famedo para apoyar la salud renal de su perro. Cl\u00ednicamente comprobado para mejorar y prolongar la calidad de vida. Requiere la prescipci\u00f3n de un m\u00e9dico veterinario Protege la funci\u00f3n vital del ri\u00f1\u00f3n y el coraz\u00f3n Dispara la vitalidad y energ\u00eda Favorece el apetito y disfrute del alimento Mantiene una condici\u00f3n corporal sana &nbsp; &nbsp; [&hellip;]<\/p>\n","protected":false},"featured_media":2404,"comment_status":"open","ping_status":"closed","template":"","meta":{"_et_pb_use_builder":"","_et_pb_old_content":"","_et_gb_content_width":"","_joinchat":[]},"product_brand":[],"product_cat":[28],"product_tag":[],"class_list":{"0":"post-2403","1":"product","2":"type-product","3":"status-publish","4":"has-post-thumbnail","6":"product_cat-hills-humedo-perros","8":"first","9":"instock","10":"shipping-taxable","11":"purchasable","12":"product-type-simple"},"_links":{"self":[{"href":"https:\/\/lamascoteriaonline.co\/shop\/wp-json\/wp\/v2\/product\/2403","targetHints":{"allow":["GET"]}}],"collection":[{"href":"https:\/\/lamascoteriaonline.co\/shop\/wp-json\/wp\/v2\/product"}],"about":[{"href":"https:\/\/lamascoteriaonline.co\/shop\/wp-json\/wp\/v2\/types\/product"}],"replies":[{"embeddable":true,"href":"https:\/\/lamascoteriaonline.co\/shop\/wp-json\/wp\/v2\/comments?post=2403"}],"wp:featuredmedia":[{"embeddable":true,"href":"https:\/\/lamascoteriaonline.co\/shop\/wp-json\/wp\/v2\/media\/2404"}],"wp:attachment":[{"href":"https:\/\/lamascoteriaonline.co\/shop\/wp-json\/wp\/v2\/media?parent=2403"}],"wp:term":[{"taxonomy":"product_brand","embeddable":true,"href":"https:\/\/lamascoteriaonline.co\/shop\/wp-json\/wp\/v2\/product_brand?post=2403"},{"taxonomy":"product_cat","embeddable":true,"href":"https:\/\/lamascoteriaonline.co\/shop\/wp-json\/wp\/v2\/product_cat?post=2403"},{"taxonomy":"product_tag","embeddable":true,"href":"https:\/\/lamascoteriaonline.co\/shop\/wp-json\/wp\/v2\/product_tag?post=2403"}],"curies":[{"name":"wp","href":"https:\/\/api.w.org\/{rel}","templated":true}]}}