{"id":2386,"date":"2019-01-04T22:11:53","date_gmt":"2019-01-04T22:11:53","guid":{"rendered":"http:\/\/lamascoteriaonline.co\/shop\/?post_type=product&#038;p=2386"},"modified":"2023-06-28T20:16:37","modified_gmt":"2023-06-28T20:16:37","slug":"hills-perro-i-d-low-fat-13onzas","status":"publish","type":"product","link":"https:\/\/lamascoteriaonline.co\/shop\/product\/hills-perro-i-d-low-fat-13onzas\/","title":{"rendered":"Hills Perro I\/D Low Fat 13onzas"},"content":{"rendered":"<ul>\n<li>Alimento h\u00famedo para el tratamiento de pancreatitis, hiperlipidemia, linfagiectasia, enteropat\u00eda por perdida de prote\u00ednas, insuficiencia pancre\u00e1tica exocr\u00edna y gastroenteritis que requieren una dieta baja en grasa. Requiere la prescripci\u00f3n de un m\u00e9dico veterinario<\/li>\n<\/ul>\n<ul>\n<li>Mantiene bajos niveles de triglic\u00e9ridos, disminuyendo el riesgo de presentaci\u00f3n de pancreatitis.<\/li>\n<li>Al tener niveles m\u00e1s bajos de grasas, facilita la digesti\u00f3n y evita sobrecarga de estos nutrientes en casos de gastroenteritis con riesgos de mal metabolismo de grasas Promueve una accion antiinflamatoria y favorece la recuperaci\u00f3n del enterocito gracias a su contenido de omegas 3.<\/li>\n<li>Ayuda a sanar, calmar y proteger el tracto gastrointestinal, adem\u00e1s de mejorar la motilidad gastrica gracias a su contenido de jengibre. Restablece el balance de la microflora intestinal y ayuda al crecimiento de bacterias beneficas. Excelente aceptaci\u00f3n por parte del paciente ya que esta hecho con ingredietes de alta calidad que incrementan su palatabilidad.<\/li>\n<\/ul>\n<p>&nbsp;<\/p>\n","protected":false},"excerpt":{"rendered":"<p>Alimento h\u00famedo para el tratamiento de pancreatitis, hiperlipidemia, linfagiectasia, enteropat\u00eda por perdida de prote\u00ednas, insuficiencia pancre\u00e1tica exocr\u00edna y gastroenteritis que requieren una dieta baja en grasa. Requiere la prescripci\u00f3n de un m\u00e9dico veterinario Mantiene bajos niveles de triglic\u00e9ridos, disminuyendo el riesgo de presentaci\u00f3n de pancreatitis. Al tener niveles m\u00e1s bajos de grasas, facilita la digesti\u00f3n [&hellip;]<\/p>\n","protected":false},"featured_media":2389,"comment_status":"open","ping_status":"closed","template":"","meta":{"_et_pb_use_builder":"","_et_pb_old_content":"","_et_gb_content_width":"","_joinchat":[]},"product_brand":[],"product_cat":[28],"product_tag":[],"class_list":{"0":"post-2386","1":"product","2":"type-product","3":"status-publish","4":"has-post-thumbnail","6":"product_cat-hills-humedo-perros","8":"first","9":"instock","10":"shipping-taxable","11":"purchasable","12":"product-type-simple"},"_links":{"self":[{"href":"https:\/\/lamascoteriaonline.co\/shop\/wp-json\/wp\/v2\/product\/2386","targetHints":{"allow":["GET"]}}],"collection":[{"href":"https:\/\/lamascoteriaonline.co\/shop\/wp-json\/wp\/v2\/product"}],"about":[{"href":"https:\/\/lamascoteriaonline.co\/shop\/wp-json\/wp\/v2\/types\/product"}],"replies":[{"embeddable":true,"href":"https:\/\/lamascoteriaonline.co\/shop\/wp-json\/wp\/v2\/comments?post=2386"}],"wp:featuredmedia":[{"embeddable":true,"href":"https:\/\/lamascoteriaonline.co\/shop\/wp-json\/wp\/v2\/media\/2389"}],"wp:attachment":[{"href":"https:\/\/lamascoteriaonline.co\/shop\/wp-json\/wp\/v2\/media?parent=2386"}],"wp:term":[{"taxonomy":"product_brand","embeddable":true,"href":"https:\/\/lamascoteriaonline.co\/shop\/wp-json\/wp\/v2\/product_brand?post=2386"},{"taxonomy":"product_cat","embeddable":true,"href":"https:\/\/lamascoteriaonline.co\/shop\/wp-json\/wp\/v2\/product_cat?post=2386"},{"taxonomy":"product_tag","embeddable":true,"href":"https:\/\/lamascoteriaonline.co\/shop\/wp-json\/wp\/v2\/product_tag?post=2386"}],"curies":[{"name":"wp","href":"https:\/\/api.w.org\/{rel}","templated":true}]}}