{"id":2378,"date":"2019-01-04T22:00:12","date_gmt":"2019-01-04T22:00:12","guid":{"rendered":"http:\/\/lamascoteriaonline.co\/shop\/?post_type=product&#038;p=2378"},"modified":"2023-01-05T21:29:39","modified_gmt":"2023-01-05T21:29:39","slug":"hills-perro-i-d-13onzas","status":"publish","type":"product","link":"https:\/\/lamascoteriaonline.co\/shop\/product\/hills-perro-i-d-13onzas\/","title":{"rendered":"Hills Perro I\/D 5.5onzas"},"content":{"rendered":"<p>Alimento h\u00famedo para pacientes con des\u00f3rdenes gastrointestinales (colitis, gastroenteritis, v\u00f3mito, enfermedad inflamatoria intestinal). Requiere la prescipci\u00f3n de un m\u00e9dico veterinario<\/p>\n<ul>\n<li>Repone las p\u00e9rdidas de potasio evitando descompesaciones electrol\u00edticas, promoviendo la r\u00e1pida recuperci\u00f3n del paciente F\u00e1cil digestibilidad y r\u00e1pida absorci\u00f3n de nutrientes.<\/li>\n<li>Aporta nutrientes formadores de energ\u00eda y vitaliza el enterocito.<\/li>\n<li>Se puede usar en cualquier etapa de vida( , adulto).<\/li>\n<\/ul>\n","protected":false},"excerpt":{"rendered":"<ul>\n<li>Con nutrigen\u00f3mica y poderosos antioxidantes para un cerebro sano y as\u00ed favorecer el deseo de participar en las interacciones familiares.<\/li>\n<li>Prote\u00edna, fitonutrientes y L-carnitina para favorecer la habilidad de ponerse en movimiento, m\u00e1s actividad e inter\u00e9s en el juego.<\/li>\n<li>Las vitaminas C y E estimulan un sistema inmunol\u00f3gico fuerte.<\/li>\n<li>Ingredientes de alta calidad, f\u00e1ciles de digerir con un delicioso sabor.<\/li>\n<li>\u00c1cidos grasos esenciales que promueven un pelaje con mayor brillo y suavidad.<\/li>\n<\/ul>\n","protected":false},"featured_media":2368,"comment_status":"open","ping_status":"closed","template":"","meta":{"_et_pb_use_builder":"","_et_pb_old_content":"","_et_gb_content_width":"","_joinchat":[]},"product_brand":[],"product_cat":[28],"product_tag":[],"class_list":{"0":"post-2378","1":"product","2":"type-product","3":"status-publish","4":"has-post-thumbnail","6":"product_cat-hills-humedo-perros","8":"first","9":"instock","10":"shipping-taxable","11":"purchasable","12":"product-type-simple"},"_links":{"self":[{"href":"https:\/\/lamascoteriaonline.co\/shop\/wp-json\/wp\/v2\/product\/2378","targetHints":{"allow":["GET"]}}],"collection":[{"href":"https:\/\/lamascoteriaonline.co\/shop\/wp-json\/wp\/v2\/product"}],"about":[{"href":"https:\/\/lamascoteriaonline.co\/shop\/wp-json\/wp\/v2\/types\/product"}],"replies":[{"embeddable":true,"href":"https:\/\/lamascoteriaonline.co\/shop\/wp-json\/wp\/v2\/comments?post=2378"}],"wp:featuredmedia":[{"embeddable":true,"href":"https:\/\/lamascoteriaonline.co\/shop\/wp-json\/wp\/v2\/media\/2368"}],"wp:attachment":[{"href":"https:\/\/lamascoteriaonline.co\/shop\/wp-json\/wp\/v2\/media?parent=2378"}],"wp:term":[{"taxonomy":"product_brand","embeddable":true,"href":"https:\/\/lamascoteriaonline.co\/shop\/wp-json\/wp\/v2\/product_brand?post=2378"},{"taxonomy":"product_cat","embeddable":true,"href":"https:\/\/lamascoteriaonline.co\/shop\/wp-json\/wp\/v2\/product_cat?post=2378"},{"taxonomy":"product_tag","embeddable":true,"href":"https:\/\/lamascoteriaonline.co\/shop\/wp-json\/wp\/v2\/product_tag?post=2378"}],"curies":[{"name":"wp","href":"https:\/\/api.w.org\/{rel}","templated":true}]}}