{"id":2351,"date":"2019-01-04T21:04:26","date_gmt":"2019-01-04T21:04:26","guid":{"rendered":"http:\/\/lamascoteriaonline.co\/shop\/?post_type=product&#038;p=2351"},"modified":"2023-06-28T20:09:35","modified_gmt":"2023-06-28T20:09:35","slug":"hills-perro-a-d-55onzas","status":"publish","type":"product","link":"https:\/\/lamascoteriaonline.co\/shop\/product\/hills-perro-a-d-55onzas\/","title":{"rendered":"Hills Perro A\/D 5,5onzas"},"content":{"rendered":"<ul>\n<li>Niveles elevados de prote\u00edna y grasa de alta calidad, altamente digestibles, para satisfacer las necesidades mayores de energ\u00eda<\/li>\n<li>Altos niveles de antioxidantes cl\u00ednicamente comprobados para apoyar el sistema inmunol\u00f3gico y contrarrestar el estr\u00e9s oxidativo<\/li>\n<li>Formulado con niveles \u00f3ptimos vitaminas B y zinc para apoyar la convalecencia, recuperaci\u00f3n cut\u00e1nea y defensas naturales del organismo<\/li>\n<li>Potasio incrementado para combatir el desgaste<\/li>\n<li>Palatabilidad excepcional para estimular el apetito en mascotas enfermas e inapetentes y estimular la alimentaci\u00f3n en etapa temprana<\/li>\n<li>Consistencia lisa, suave y tixotr\u00f3pica (al mezclarlo se hace m\u00e1s l\u00edquido) para una m\u00e1xima flexibilidad en la alimentaci\u00f3n \u2013 con la mano, taz\u00f3n, cuchara, jeringa o tubo<\/li>\n<\/ul>\n","protected":false},"excerpt":{"rendered":"<ul>\n<li>Con nutrigen\u00f3mica y poderosos antioxidantes para un cerebro sano y as\u00ed favorecer el deseo de participar en las interacciones familiares.<\/li>\n<li>Prote\u00edna, fitonutrientes y L-carnitina para favorecer la habilidad de ponerse en movimiento, m\u00e1s actividad e inter\u00e9s en el juego.<\/li>\n<li>Las vitaminas C y E estimulan un sistema inmunol\u00f3gico fuerte.<\/li>\n<li>Ingredientes de alta calidad, f\u00e1ciles de digerir con un delicioso sabor.<\/li>\n<li>\u00c1cidos grasos esenciales que promueven un pelaje con mayor brillo y suavidad.<\/li>\n<\/ul>\n","protected":false},"featured_media":2352,"comment_status":"open","ping_status":"closed","template":"","meta":{"_et_pb_use_builder":"","_et_pb_old_content":"","_et_gb_content_width":"","_joinchat":[]},"product_brand":[],"product_cat":[28],"product_tag":[],"class_list":{"0":"post-2351","1":"product","2":"type-product","3":"status-publish","4":"has-post-thumbnail","6":"product_cat-hills-humedo-perros","8":"first","9":"instock","10":"shipping-taxable","11":"purchasable","12":"product-type-simple"},"_links":{"self":[{"href":"https:\/\/lamascoteriaonline.co\/shop\/wp-json\/wp\/v2\/product\/2351","targetHints":{"allow":["GET"]}}],"collection":[{"href":"https:\/\/lamascoteriaonline.co\/shop\/wp-json\/wp\/v2\/product"}],"about":[{"href":"https:\/\/lamascoteriaonline.co\/shop\/wp-json\/wp\/v2\/types\/product"}],"replies":[{"embeddable":true,"href":"https:\/\/lamascoteriaonline.co\/shop\/wp-json\/wp\/v2\/comments?post=2351"}],"wp:featuredmedia":[{"embeddable":true,"href":"https:\/\/lamascoteriaonline.co\/shop\/wp-json\/wp\/v2\/media\/2352"}],"wp:attachment":[{"href":"https:\/\/lamascoteriaonline.co\/shop\/wp-json\/wp\/v2\/media?parent=2351"}],"wp:term":[{"taxonomy":"product_brand","embeddable":true,"href":"https:\/\/lamascoteriaonline.co\/shop\/wp-json\/wp\/v2\/product_brand?post=2351"},{"taxonomy":"product_cat","embeddable":true,"href":"https:\/\/lamascoteriaonline.co\/shop\/wp-json\/wp\/v2\/product_cat?post=2351"},{"taxonomy":"product_tag","embeddable":true,"href":"https:\/\/lamascoteriaonline.co\/shop\/wp-json\/wp\/v2\/product_tag?post=2351"}],"curies":[{"name":"wp","href":"https:\/\/api.w.org\/{rel}","templated":true}]}}