{"id":2309,"date":"2019-01-04T19:15:54","date_gmt":"2019-01-04T19:15:54","guid":{"rendered":"http:\/\/lamascoteriaonline.co\/shop\/?post_type=product&#038;p=2309"},"modified":"2023-06-28T19:42:03","modified_gmt":"2023-06-28T19:42:03","slug":"hills-youthful-vitality-125lbs","status":"publish","type":"product","link":"https:\/\/lamascoteriaonline.co\/shop\/product\/hills-youthful-vitality-125lbs\/","title":{"rendered":"Hills Youthful Vitality 12,5 lbs"},"content":{"rendered":"<ul>\n<li>Con nutrigen\u00f3mica y poderosos antioxidantes para un cerebro sano y as\u00ed favorecer el deseo de participar en las interacciones familiares.<\/li>\n<li>Prote\u00edna, fitonutrientes y L-carnitina para favorecer la habilidad de ponerse en movimiento, m\u00e1s actividad e inter\u00e9s en el juego.<\/li>\n<li>Las vitaminas C y E estimulan un sistema inmunol\u00f3gico fuerte.<\/li>\n<li>Ingredientes de alta calidad, f\u00e1ciles de digerir con un delicioso sabor.<\/li>\n<li>\u00c1cidos grasos esenciales que promueven un pelaje con mayor brillo y suavidad.<\/li>\n<\/ul>\n","protected":false},"excerpt":{"rendered":"<p>Con nutrigen\u00f3mica y poderosos antioxidantes para un cerebro sano y as\u00ed favorecer el deseo de participar en las interacciones familiares. Prote\u00edna, fitonutrientes y L-carnitina para favorecer la habilidad de ponerse en movimiento, m\u00e1s actividad e inter\u00e9s en el juego. Las vitaminas C y E estimulan un sistema inmunol\u00f3gico fuerte. Ingredientes de alta calidad, f\u00e1ciles de [&hellip;]<\/p>\n","protected":false},"featured_media":3733,"comment_status":"open","ping_status":"closed","template":"","meta":{"_et_pb_use_builder":"","_et_pb_old_content":"","_et_gb_content_width":"","_joinchat":[]},"product_brand":[],"product_cat":[22],"product_tag":[],"class_list":{"0":"post-2309","1":"product","2":"type-product","3":"status-publish","4":"has-post-thumbnail","6":"product_cat-hills-perros","8":"first","9":"instock","10":"shipping-taxable","11":"purchasable","12":"product-type-simple"},"_links":{"self":[{"href":"https:\/\/lamascoteriaonline.co\/shop\/wp-json\/wp\/v2\/product\/2309","targetHints":{"allow":["GET"]}}],"collection":[{"href":"https:\/\/lamascoteriaonline.co\/shop\/wp-json\/wp\/v2\/product"}],"about":[{"href":"https:\/\/lamascoteriaonline.co\/shop\/wp-json\/wp\/v2\/types\/product"}],"replies":[{"embeddable":true,"href":"https:\/\/lamascoteriaonline.co\/shop\/wp-json\/wp\/v2\/comments?post=2309"}],"wp:featuredmedia":[{"embeddable":true,"href":"https:\/\/lamascoteriaonline.co\/shop\/wp-json\/wp\/v2\/media\/3733"}],"wp:attachment":[{"href":"https:\/\/lamascoteriaonline.co\/shop\/wp-json\/wp\/v2\/media?parent=2309"}],"wp:term":[{"taxonomy":"product_brand","embeddable":true,"href":"https:\/\/lamascoteriaonline.co\/shop\/wp-json\/wp\/v2\/product_brand?post=2309"},{"taxonomy":"product_cat","embeddable":true,"href":"https:\/\/lamascoteriaonline.co\/shop\/wp-json\/wp\/v2\/product_cat?post=2309"},{"taxonomy":"product_tag","embeddable":true,"href":"https:\/\/lamascoteriaonline.co\/shop\/wp-json\/wp\/v2\/product_tag?post=2309"}],"curies":[{"name":"wp","href":"https:\/\/api.w.org\/{rel}","templated":true}]}}