{"id":2307,"date":"2019-01-04T19:12:56","date_gmt":"2019-01-04T19:12:56","guid":{"rendered":"http:\/\/lamascoteriaonline.co\/shop\/?post_type=product&#038;p=2307"},"modified":"2023-06-28T19:41:42","modified_gmt":"2023-06-28T19:41:42","slug":"hills-youthful-vitality-small-toy-35-lbs","status":"publish","type":"product","link":"https:\/\/lamascoteriaonline.co\/shop\/product\/hills-youthful-vitality-small-toy-35-lbs\/","title":{"rendered":"Hills Youthful Vitality Small &#038; Toy 3,5 lbs"},"content":{"rendered":"<p>Nutrici\u00f3n balanceada con precisi\u00f3n para combatir los signos del envejecimiento en su perro Adulto de 7 a\u00f1os y m\u00e1s. Con un delicioso sabor para una vida larga y feliz.<\/p>\n<p>\u2013 Ingredientes que apoyan la funci\u00f3n cerebral, energ\u00eda y vitalidad.<\/p>\n<p>\u2013 Omega 3 y 6, \u00e1cidos grasos para un pelaje radiante.<\/p>\n<p>\u2013 Ingredientes f\u00e1ciles de digerir.<\/p>\n","protected":false},"excerpt":{"rendered":"<p>Nutrici\u00f3n balanceada con precisi\u00f3n para combatir los signos del envejecimiento en su perro Adulto de 7 a\u00f1os y m\u00e1s. Con un delicioso sabor para una vida larga y feliz. \u2013 Ingredientes que apoyan la funci\u00f3n cerebral, energ\u00eda y vitalidad. \u2013 Omega 3 y 6, \u00e1cidos grasos para un pelaje radiante. \u2013 Ingredientes f\u00e1ciles de digerir.<\/p>\n","protected":false},"featured_media":3757,"comment_status":"open","ping_status":"closed","template":"","meta":{"_et_pb_use_builder":"","_et_pb_old_content":"","_et_gb_content_width":"","_joinchat":[]},"product_brand":[],"product_cat":[22],"product_tag":[],"class_list":{"0":"post-2307","1":"product","2":"type-product","3":"status-publish","4":"has-post-thumbnail","6":"product_cat-hills-perros","8":"first","9":"instock","10":"shipping-taxable","11":"purchasable","12":"product-type-simple"},"_links":{"self":[{"href":"https:\/\/lamascoteriaonline.co\/shop\/wp-json\/wp\/v2\/product\/2307","targetHints":{"allow":["GET"]}}],"collection":[{"href":"https:\/\/lamascoteriaonline.co\/shop\/wp-json\/wp\/v2\/product"}],"about":[{"href":"https:\/\/lamascoteriaonline.co\/shop\/wp-json\/wp\/v2\/types\/product"}],"replies":[{"embeddable":true,"href":"https:\/\/lamascoteriaonline.co\/shop\/wp-json\/wp\/v2\/comments?post=2307"}],"wp:featuredmedia":[{"embeddable":true,"href":"https:\/\/lamascoteriaonline.co\/shop\/wp-json\/wp\/v2\/media\/3757"}],"wp:attachment":[{"href":"https:\/\/lamascoteriaonline.co\/shop\/wp-json\/wp\/v2\/media?parent=2307"}],"wp:term":[{"taxonomy":"product_brand","embeddable":true,"href":"https:\/\/lamascoteriaonline.co\/shop\/wp-json\/wp\/v2\/product_brand?post=2307"},{"taxonomy":"product_cat","embeddable":true,"href":"https:\/\/lamascoteriaonline.co\/shop\/wp-json\/wp\/v2\/product_cat?post=2307"},{"taxonomy":"product_tag","embeddable":true,"href":"https:\/\/lamascoteriaonline.co\/shop\/wp-json\/wp\/v2\/product_tag?post=2307"}],"curies":[{"name":"wp","href":"https:\/\/api.w.org\/{rel}","templated":true}]}}