{"id":2301,"date":"2019-01-04T19:01:47","date_gmt":"2019-01-04T19:01:47","guid":{"rendered":"http:\/\/lamascoteriaonline.co\/shop\/?post_type=product&#038;p=2301"},"modified":"2024-08-06T22:46:57","modified_gmt":"2024-08-06T22:46:57","slug":"hills-adulto-mature-sb","status":"publish","type":"product","link":"https:\/\/lamascoteriaonline.co\/shop\/product\/hills-adulto-mature-sb\/","title":{"rendered":"Hills Adulto Mature SB"},"content":{"rendered":"<ul>\n<li>Nutrici\u00f3n para restaurar la energ\u00eda.<\/li>\n<li>Beneficios antioxidantes cl\u00ednicamente comprobados.<\/li>\n<li>Sin colorantes, sabores o conservantes artificiales.<\/li>\n<\/ul>\n","protected":false},"excerpt":{"rendered":"<p>Nutrici\u00f3n para restaurar la energ\u00eda. Beneficios antioxidantes cl\u00ednicamente comprobados. Sin colorantes, sabores o conservantes artificiales.<\/p>\n","protected":false},"featured_media":3758,"comment_status":"open","ping_status":"closed","template":"","meta":{"_et_pb_use_builder":"","_et_pb_old_content":"","_et_gb_content_width":"","_joinchat":[]},"product_brand":[],"product_cat":[22],"product_tag":[],"class_list":{"0":"post-2301","1":"product","2":"type-product","3":"status-publish","4":"has-post-thumbnail","6":"product_cat-hills-perros","8":"first","9":"instock","10":"shipping-taxable","11":"purchasable","12":"product-type-variable"},"_links":{"self":[{"href":"https:\/\/lamascoteriaonline.co\/shop\/wp-json\/wp\/v2\/product\/2301","targetHints":{"allow":["GET"]}}],"collection":[{"href":"https:\/\/lamascoteriaonline.co\/shop\/wp-json\/wp\/v2\/product"}],"about":[{"href":"https:\/\/lamascoteriaonline.co\/shop\/wp-json\/wp\/v2\/types\/product"}],"replies":[{"embeddable":true,"href":"https:\/\/lamascoteriaonline.co\/shop\/wp-json\/wp\/v2\/comments?post=2301"}],"wp:featuredmedia":[{"embeddable":true,"href":"https:\/\/lamascoteriaonline.co\/shop\/wp-json\/wp\/v2\/media\/3758"}],"wp:attachment":[{"href":"https:\/\/lamascoteriaonline.co\/shop\/wp-json\/wp\/v2\/media?parent=2301"}],"wp:term":[{"taxonomy":"product_brand","embeddable":true,"href":"https:\/\/lamascoteriaonline.co\/shop\/wp-json\/wp\/v2\/product_brand?post=2301"},{"taxonomy":"product_cat","embeddable":true,"href":"https:\/\/lamascoteriaonline.co\/shop\/wp-json\/wp\/v2\/product_cat?post=2301"},{"taxonomy":"product_tag","embeddable":true,"href":"https:\/\/lamascoteriaonline.co\/shop\/wp-json\/wp\/v2\/product_tag?post=2301"}],"curies":[{"name":"wp","href":"https:\/\/api.w.org\/{rel}","templated":true}]}}