{"id":2293,"date":"2019-01-04T18:33:12","date_gmt":"2019-01-04T18:33:12","guid":{"rendered":"http:\/\/lamascoteriaonline.co\/shop\/?post_type=product&#038;p=2293"},"modified":"2023-06-28T19:28:28","modified_gmt":"2023-06-28T19:28:28","slug":"hills-adulto-ob-cordero","status":"publish","type":"product","link":"https:\/\/lamascoteriaonline.co\/shop\/product\/hills-adulto-ob-cordero\/","title":{"rendered":"Hills Adulto Original Bite Cordero"},"content":{"rendered":"<ul>\n<li>\u00c1cidos grasos omega-6 que mejoran la piel y pelaje en 30 d\u00edas.<\/li>\n<li>Beneficios antioxidantes cl\u00ednicamente comprobados.<\/li>\n<li>Sin colorantes, sabores o conservantes artificiales.<\/li>\n<\/ul>\n","protected":false},"excerpt":{"rendered":"<p>\u00c1cidos grasos omega-6 que mejoran la piel y pelaje en 30 d\u00edas. Beneficios antioxidantes cl\u00ednicamente comprobados. Sin colorantes, sabores o conservantes artificiales.<\/p>\n","protected":false},"featured_media":3754,"comment_status":"open","ping_status":"closed","template":"","meta":{"_et_pb_use_builder":"","_et_pb_old_content":"","_et_gb_content_width":"","_joinchat":[]},"product_brand":[],"product_cat":[22],"product_tag":[],"class_list":{"0":"post-2293","1":"product","2":"type-product","3":"status-publish","4":"has-post-thumbnail","6":"product_cat-hills-perros","8":"first","9":"instock","10":"shipping-taxable","11":"purchasable","12":"product-type-variable"},"_links":{"self":[{"href":"https:\/\/lamascoteriaonline.co\/shop\/wp-json\/wp\/v2\/product\/2293","targetHints":{"allow":["GET"]}}],"collection":[{"href":"https:\/\/lamascoteriaonline.co\/shop\/wp-json\/wp\/v2\/product"}],"about":[{"href":"https:\/\/lamascoteriaonline.co\/shop\/wp-json\/wp\/v2\/types\/product"}],"replies":[{"embeddable":true,"href":"https:\/\/lamascoteriaonline.co\/shop\/wp-json\/wp\/v2\/comments?post=2293"}],"wp:featuredmedia":[{"embeddable":true,"href":"https:\/\/lamascoteriaonline.co\/shop\/wp-json\/wp\/v2\/media\/3754"}],"wp:attachment":[{"href":"https:\/\/lamascoteriaonline.co\/shop\/wp-json\/wp\/v2\/media?parent=2293"}],"wp:term":[{"taxonomy":"product_brand","embeddable":true,"href":"https:\/\/lamascoteriaonline.co\/shop\/wp-json\/wp\/v2\/product_brand?post=2293"},{"taxonomy":"product_cat","embeddable":true,"href":"https:\/\/lamascoteriaonline.co\/shop\/wp-json\/wp\/v2\/product_cat?post=2293"},{"taxonomy":"product_tag","embeddable":true,"href":"https:\/\/lamascoteriaonline.co\/shop\/wp-json\/wp\/v2\/product_tag?post=2293"}],"curies":[{"name":"wp","href":"https:\/\/api.w.org\/{rel}","templated":true}]}}