{"id":2196,"date":"2018-12-03T01:19:57","date_gmt":"2018-12-03T01:19:57","guid":{"rendered":"http:\/\/lamascoteriaonline.co\/shop\/?post_type=product&#038;p=2196"},"modified":"2024-08-06T21:05:49","modified_gmt":"2024-08-06T21:05:49","slug":"hills-adulto-sensitive-stomachs-skin","status":"publish","type":"product","link":"https:\/\/lamascoteriaonline.co\/shop\/product\/hills-adulto-sensitive-stomachs-skin\/","title":{"rendered":"Hills Adulto Sensitive Stomachs &#038; Skin"},"content":{"rendered":"<p>Recomendado para perros adultos con est\u00f3magos sensibles (heces flojas ocasionales, molestias estomacales o problemas para tolerar el alimento actual) y piel sensible.<\/p>\n<p>\u2013 F\u00e1cil digesti\u00f3n, nutrici\u00f3n completa y balanceada.<\/p>\n<p>\u2013 Vitamina E y otros nutrientes para una piel sana y un pelaje lustroso.<\/p>\n<p>\u2013 Mezcla antioxidante cl\u00ednicamente comprobada con vitaminas C + E.<\/p>\n","protected":false},"excerpt":{"rendered":"<p>Recomendado para perros adultos con est\u00f3magos sensibles (heces flojas ocasionales, molestias estomacales o problemas para tolerar el alimento actual) y piel sensible. \u2013 F\u00e1cil digesti\u00f3n, nutrici\u00f3n completa y balanceada. \u2013 Vitamina E y otros nutrientes para una piel sana y un pelaje lustroso. \u2013 Mezcla antioxidante cl\u00ednicamente comprobada con vitaminas C + E.<\/p>\n","protected":false},"featured_media":3772,"comment_status":"open","ping_status":"closed","template":"","meta":{"_et_pb_use_builder":"","_et_pb_old_content":"","_et_gb_content_width":"","_joinchat":[]},"product_brand":[],"product_cat":[22],"product_tag":[],"class_list":{"0":"post-2196","1":"product","2":"type-product","3":"status-publish","4":"has-post-thumbnail","6":"product_cat-hills-perros","8":"first","9":"instock","10":"shipping-taxable","11":"purchasable","12":"product-type-variable"},"_links":{"self":[{"href":"https:\/\/lamascoteriaonline.co\/shop\/wp-json\/wp\/v2\/product\/2196","targetHints":{"allow":["GET"]}}],"collection":[{"href":"https:\/\/lamascoteriaonline.co\/shop\/wp-json\/wp\/v2\/product"}],"about":[{"href":"https:\/\/lamascoteriaonline.co\/shop\/wp-json\/wp\/v2\/types\/product"}],"replies":[{"embeddable":true,"href":"https:\/\/lamascoteriaonline.co\/shop\/wp-json\/wp\/v2\/comments?post=2196"}],"wp:featuredmedia":[{"embeddable":true,"href":"https:\/\/lamascoteriaonline.co\/shop\/wp-json\/wp\/v2\/media\/3772"}],"wp:attachment":[{"href":"https:\/\/lamascoteriaonline.co\/shop\/wp-json\/wp\/v2\/media?parent=2196"}],"wp:term":[{"taxonomy":"product_brand","embeddable":true,"href":"https:\/\/lamascoteriaonline.co\/shop\/wp-json\/wp\/v2\/product_brand?post=2196"},{"taxonomy":"product_cat","embeddable":true,"href":"https:\/\/lamascoteriaonline.co\/shop\/wp-json\/wp\/v2\/product_cat?post=2196"},{"taxonomy":"product_tag","embeddable":true,"href":"https:\/\/lamascoteriaonline.co\/shop\/wp-json\/wp\/v2\/product_tag?post=2196"}],"curies":[{"name":"wp","href":"https:\/\/api.w.org\/{rel}","templated":true}]}}