{"id":2190,"date":"2018-12-03T01:10:05","date_gmt":"2018-12-03T01:10:05","guid":{"rendered":"http:\/\/lamascoteriaonline.co\/shop\/?post_type=product&#038;p=2190"},"modified":"2024-08-06T22:49:22","modified_gmt":"2024-08-06T22:49:22","slug":"hills-adultos-mayor-original","status":"publish","type":"product","link":"https:\/\/lamascoteriaonline.co\/shop\/product\/hills-adultos-mayor-original\/","title":{"rendered":"Hills Adultos Mature OB"},"content":{"rendered":"<p>Proporciona nutrici\u00f3n balanceada, f\u00e1cil de digerir para promover la vitalidad juvenil y la nutrici\u00f3n para restaurar la energ\u00eda.<\/p>\n<p>\u2013 Minerales balanceados para un coraz\u00f3n y ri\u00f1\u00f3n saludables.<\/p>\n<p>\u2013 Omega 6s y vitamina E para una pelaje radiante.<\/p>\n<p>\u2013 Prote\u00edna para construir m\u00fasculos magros.<\/p>\n<h3 style=\"background: white; margin: 7.5pt 0cm 7.5pt 0cm;\"><span style=\"font-size: 10.5pt; font-family: 'Arial',sans-serif; color: #888888; background: white;\">\u00a0<\/span><\/h3>\n","protected":false},"excerpt":{"rendered":"<p>Proporciona nutrici\u00f3n balanceada, f\u00e1cil de digerir para promover la vitalidad juvenil y la nutrici\u00f3n para restaurar la energ\u00eda. \u2013 Minerales balanceados para un coraz\u00f3n y ri\u00f1\u00f3n saludables. \u2013 Omega 6s y vitamina E para una pelaje radiante. \u2013 Prote\u00edna para construir m\u00fasculos magros. \u00a0<\/p>\n","protected":false},"featured_media":3759,"comment_status":"open","ping_status":"closed","template":"","meta":{"_et_pb_use_builder":"","_et_pb_old_content":"","_et_gb_content_width":"","_joinchat":[]},"product_brand":[],"product_cat":[22],"product_tag":[],"class_list":{"0":"post-2190","1":"product","2":"type-product","3":"status-publish","4":"has-post-thumbnail","6":"product_cat-hills-perros","8":"first","9":"instock","10":"shipping-taxable","11":"purchasable","12":"product-type-variable"},"_links":{"self":[{"href":"https:\/\/lamascoteriaonline.co\/shop\/wp-json\/wp\/v2\/product\/2190","targetHints":{"allow":["GET"]}}],"collection":[{"href":"https:\/\/lamascoteriaonline.co\/shop\/wp-json\/wp\/v2\/product"}],"about":[{"href":"https:\/\/lamascoteriaonline.co\/shop\/wp-json\/wp\/v2\/types\/product"}],"replies":[{"embeddable":true,"href":"https:\/\/lamascoteriaonline.co\/shop\/wp-json\/wp\/v2\/comments?post=2190"}],"wp:featuredmedia":[{"embeddable":true,"href":"https:\/\/lamascoteriaonline.co\/shop\/wp-json\/wp\/v2\/media\/3759"}],"wp:attachment":[{"href":"https:\/\/lamascoteriaonline.co\/shop\/wp-json\/wp\/v2\/media?parent=2190"}],"wp:term":[{"taxonomy":"product_brand","embeddable":true,"href":"https:\/\/lamascoteriaonline.co\/shop\/wp-json\/wp\/v2\/product_brand?post=2190"},{"taxonomy":"product_cat","embeddable":true,"href":"https:\/\/lamascoteriaonline.co\/shop\/wp-json\/wp\/v2\/product_cat?post=2190"},{"taxonomy":"product_tag","embeddable":true,"href":"https:\/\/lamascoteriaonline.co\/shop\/wp-json\/wp\/v2\/product_tag?post=2190"}],"curies":[{"name":"wp","href":"https:\/\/api.w.org\/{rel}","templated":true}]}}