{"id":2128,"date":"2018-11-29T01:07:11","date_gmt":"2018-11-29T01:07:11","guid":{"rendered":"http:\/\/lamascoteriaonline.co\/shop\/?post_type=product&#038;p=2128"},"modified":"2020-04-06T18:46:17","modified_gmt":"2020-04-06T18:46:17","slug":"pelota-kong-swirl","status":"publish","type":"product","link":"https:\/\/lamascoteriaonline.co\/shop\/product\/pelota-kong-swirl\/","title":{"rendered":"Pelota Kong Swirl"},"content":{"rendered":"<h3 style=\"background: white; margin: 7.5pt 0cm 7.5pt 0cm;\"><span style=\"font-size: 10.5pt; font-family: 'Arial',sans-serif; color: #888888; background: white;\">KONG Swirl hace el juego vibrante y divertido. Los colores brillantes y un chirrido fuerte atraer a los perros, mientras que el rebote err\u00e1tico crea emocionantes juegos interactivos . KONG remolino continuar\u00e1 a chirriar incluso si el juguete est\u00e1 perforada por lo que el juego no tiene que parar.<\/span><\/h3>\n","protected":false},"excerpt":{"rendered":"<p>KONG Swirl hace el juego vibrante y divertido. Los colores brillantes y un chirrido fuerte atraer a los perros, mientras que el rebote err\u00e1tico crea emocionantes juegos interactivos . KONG remolino continuar\u00e1 a chirriar incluso si el juguete est\u00e1 perforada por lo que el juego no tiene que parar.<\/p>\n","protected":false},"featured_media":2129,"comment_status":"open","ping_status":"closed","template":"","meta":{"_et_pb_use_builder":"","_et_pb_old_content":"","_et_gb_content_width":"","_joinchat":[]},"product_brand":[],"product_cat":[37],"product_tag":[],"class_list":{"0":"post-2128","1":"product","2":"type-product","3":"status-publish","4":"has-post-thumbnail","6":"product_cat-pelotas-para-perros","8":"first","9":"outofstock","10":"shipping-taxable","11":"purchasable","12":"product-type-simple"},"_links":{"self":[{"href":"https:\/\/lamascoteriaonline.co\/shop\/wp-json\/wp\/v2\/product\/2128","targetHints":{"allow":["GET"]}}],"collection":[{"href":"https:\/\/lamascoteriaonline.co\/shop\/wp-json\/wp\/v2\/product"}],"about":[{"href":"https:\/\/lamascoteriaonline.co\/shop\/wp-json\/wp\/v2\/types\/product"}],"replies":[{"embeddable":true,"href":"https:\/\/lamascoteriaonline.co\/shop\/wp-json\/wp\/v2\/comments?post=2128"}],"wp:featuredmedia":[{"embeddable":true,"href":"https:\/\/lamascoteriaonline.co\/shop\/wp-json\/wp\/v2\/media\/2129"}],"wp:attachment":[{"href":"https:\/\/lamascoteriaonline.co\/shop\/wp-json\/wp\/v2\/media?parent=2128"}],"wp:term":[{"taxonomy":"product_brand","embeddable":true,"href":"https:\/\/lamascoteriaonline.co\/shop\/wp-json\/wp\/v2\/product_brand?post=2128"},{"taxonomy":"product_cat","embeddable":true,"href":"https:\/\/lamascoteriaonline.co\/shop\/wp-json\/wp\/v2\/product_cat?post=2128"},{"taxonomy":"product_tag","embeddable":true,"href":"https:\/\/lamascoteriaonline.co\/shop\/wp-json\/wp\/v2\/product_tag?post=2128"}],"curies":[{"name":"wp","href":"https:\/\/api.w.org\/{rel}","templated":true}]}}