{"id":2106,"date":"2018-11-29T00:38:16","date_gmt":"2018-11-29T00:38:16","guid":{"rendered":"http:\/\/lamascoteriaonline.co\/shop\/?post_type=product&#038;p=2106"},"modified":"2020-04-06T18:42:30","modified_gmt":"2020-04-06T18:42:30","slug":"juguete-perro-hueso-kong-duets-medium","status":"publish","type":"product","link":"https:\/\/lamascoteriaonline.co\/shop\/product\/juguete-perro-hueso-kong-duets-medium\/","title":{"rendered":"Juguete Perro Hueso Kong Duets Medium"},"content":{"rendered":"<h3 style=\"background: white; margin: 7.5pt 0cm 7.5pt 0cm;\"><span style=\"font-size: 10.5pt; font-family: 'Arial',sans-serif; color: #888888; background: white;\">Con los nuevos Kong Duets tu mejor amigo estar\u00e1 muy contento porque tendr\u00e1 una agradable sensaci\u00f3n al morder \u00a0a la vez que podr\u00e1s llenarlo de pasabocas para una larga entretenci\u00f3n.<\/span><\/h3>\n","protected":false},"excerpt":{"rendered":"<p>Con los nuevos Kong Duets tu mejor amigo estar\u00e1 muy contento porque tendr\u00e1 una agradable sensaci\u00f3n al morder \u00a0a la vez que podr\u00e1s llenarlo de pasabocas para una larga entretenci\u00f3n.<\/p>\n","protected":false},"featured_media":2107,"comment_status":"open","ping_status":"closed","template":"","meta":{"_et_pb_use_builder":"","_et_pb_old_content":"","_et_gb_content_width":"","_joinchat":[]},"product_brand":[],"product_cat":[35],"product_tag":[],"class_list":{"0":"post-2106","1":"product","2":"type-product","3":"status-publish","4":"has-post-thumbnail","6":"product_cat-entrenamiento-y-destreza-perros","8":"first","9":"outofstock","10":"shipping-taxable","11":"purchasable","12":"product-type-simple"},"_links":{"self":[{"href":"https:\/\/lamascoteriaonline.co\/shop\/wp-json\/wp\/v2\/product\/2106","targetHints":{"allow":["GET"]}}],"collection":[{"href":"https:\/\/lamascoteriaonline.co\/shop\/wp-json\/wp\/v2\/product"}],"about":[{"href":"https:\/\/lamascoteriaonline.co\/shop\/wp-json\/wp\/v2\/types\/product"}],"replies":[{"embeddable":true,"href":"https:\/\/lamascoteriaonline.co\/shop\/wp-json\/wp\/v2\/comments?post=2106"}],"wp:featuredmedia":[{"embeddable":true,"href":"https:\/\/lamascoteriaonline.co\/shop\/wp-json\/wp\/v2\/media\/2107"}],"wp:attachment":[{"href":"https:\/\/lamascoteriaonline.co\/shop\/wp-json\/wp\/v2\/media?parent=2106"}],"wp:term":[{"taxonomy":"product_brand","embeddable":true,"href":"https:\/\/lamascoteriaonline.co\/shop\/wp-json\/wp\/v2\/product_brand?post=2106"},{"taxonomy":"product_cat","embeddable":true,"href":"https:\/\/lamascoteriaonline.co\/shop\/wp-json\/wp\/v2\/product_cat?post=2106"},{"taxonomy":"product_tag","embeddable":true,"href":"https:\/\/lamascoteriaonline.co\/shop\/wp-json\/wp\/v2\/product_tag?post=2106"}],"curies":[{"name":"wp","href":"https:\/\/api.w.org\/{rel}","templated":true}]}}