{"id":209,"date":"2018-09-21T23:21:53","date_gmt":"2018-09-21T23:21:53","guid":{"rendered":"http:\/\/lamascoteriaonline.co\/shop\/?post_type=product&#038;p=209"},"modified":"2024-01-21T15:16:33","modified_gmt":"2024-01-21T15:16:33","slug":"pro-plan-adulto-large-breed","status":"publish","type":"product","link":"https:\/\/lamascoteriaonline.co\/shop\/product\/pro-plan-adulto-large-breed\/","title":{"rendered":"Pro Plan Adulto Large Breed 13 kg"},"content":{"rendered":"<div class=\"text\">Provee nutrici\u00f3n de avanzada que ayuda a los perros de razas grandes a mantenerse fuertes y llenos de vitalidad.<\/div>\n<div class=\"detail\">Utilizando como ingrediente principal carne fresca de pollo, esta sabrosa f\u00f3rmula ofrece, a trav\u00e9s de croquetas m\u00e1s grandes, una nutrici\u00f3n con alto contenido de prote\u00ednas (26%) de calidad y menos calor\u00edas provenientes de la grasa (12%).<\/div>\n","protected":false},"excerpt":{"rendered":"<p>Provee nutrici\u00f3n de avanzada que ayuda a los perros de razas grandes a mantenerse fuertes y llenos de vitalidad. Utilizando como ingrediente principal carne fresca de pollo, esta sabrosa f\u00f3rmula ofrece, a trav\u00e9s de croquetas m\u00e1s grandes, una nutrici\u00f3n con alto contenido de prote\u00ednas (26%) de calidad y menos calor\u00edas provenientes de la grasa (12%).<\/p>\n","protected":false},"featured_media":7966,"comment_status":"open","ping_status":"closed","template":"","meta":{"_et_pb_use_builder":"","_et_pb_old_content":"","_et_gb_content_width":"","_joinchat":[]},"product_brand":[],"product_cat":[16],"product_tag":[],"class_list":{"0":"post-209","1":"product","2":"type-product","3":"status-publish","4":"has-post-thumbnail","6":"product_cat-proplan-perros","8":"first","9":"instock","10":"shipping-taxable","11":"purchasable","12":"product-type-simple"},"_links":{"self":[{"href":"https:\/\/lamascoteriaonline.co\/shop\/wp-json\/wp\/v2\/product\/209","targetHints":{"allow":["GET"]}}],"collection":[{"href":"https:\/\/lamascoteriaonline.co\/shop\/wp-json\/wp\/v2\/product"}],"about":[{"href":"https:\/\/lamascoteriaonline.co\/shop\/wp-json\/wp\/v2\/types\/product"}],"replies":[{"embeddable":true,"href":"https:\/\/lamascoteriaonline.co\/shop\/wp-json\/wp\/v2\/comments?post=209"}],"wp:featuredmedia":[{"embeddable":true,"href":"https:\/\/lamascoteriaonline.co\/shop\/wp-json\/wp\/v2\/media\/7966"}],"wp:attachment":[{"href":"https:\/\/lamascoteriaonline.co\/shop\/wp-json\/wp\/v2\/media?parent=209"}],"wp:term":[{"taxonomy":"product_brand","embeddable":true,"href":"https:\/\/lamascoteriaonline.co\/shop\/wp-json\/wp\/v2\/product_brand?post=209"},{"taxonomy":"product_cat","embeddable":true,"href":"https:\/\/lamascoteriaonline.co\/shop\/wp-json\/wp\/v2\/product_cat?post=209"},{"taxonomy":"product_tag","embeddable":true,"href":"https:\/\/lamascoteriaonline.co\/shop\/wp-json\/wp\/v2\/product_tag?post=209"}],"curies":[{"name":"wp","href":"https:\/\/api.w.org\/{rel}","templated":true}]}}