{"id":1798,"date":"2018-11-22T12:59:54","date_gmt":"2018-11-22T12:59:54","guid":{"rendered":"http:\/\/lamascoteriaonline.co\/shop\/?post_type=product&#038;p=1798"},"modified":"2024-09-30T11:27:33","modified_gmt":"2024-09-30T11:27:33","slug":"max-cat-nuggets","status":"publish","type":"product","link":"https:\/\/lamascoteriaonline.co\/shop\/product\/max-cat-nuggets\/","title":{"rendered":"Max Cat Castrado"},"content":{"rendered":"<p>Alimento seco para gatos castrados ideal para prevenir el aumento de peso, que ayuda en el tracto urinario y ofrece toda la nutrici\u00f3n que \u00e9l necesita.<\/p>\n<ul>\n<li>Apoya la salud del tracto urinario.<\/li>\n<li>Enriquecido con L-carnitina: m\u00e1s energ\u00eda y un sistema inmunol\u00f3gico m\u00e1s fuerte, con menos colesterol.<\/li>\n<li>Para gatos a partir de los 6 meses de edad.<\/li>\n<\/ul>\n","protected":false},"excerpt":{"rendered":"<p>Alimento seco para gatos castrados ideal para prevenir el aumento de peso, que ayuda en el tracto urinario y ofrece toda la nutrici\u00f3n que \u00e9l necesita. Apoya la salud del tracto urinario. Enriquecido con L-carnitina: m\u00e1s energ\u00eda y un sistema inmunol\u00f3gico m\u00e1s fuerte, con menos colesterol. Para gatos a partir de los 6 meses de [&hellip;]<\/p>\n","protected":false},"featured_media":2613,"comment_status":"open","ping_status":"closed","template":"","meta":{"_et_pb_use_builder":"","_et_pb_old_content":"","_et_gb_content_width":"","_joinchat":[]},"product_brand":[],"product_cat":[73],"product_tag":[],"class_list":{"0":"post-1798","1":"product","2":"type-product","3":"status-publish","4":"has-post-thumbnail","6":"product_cat-max-cat","8":"first","9":"instock","10":"shipping-taxable","11":"purchasable","12":"product-type-variable"},"_links":{"self":[{"href":"https:\/\/lamascoteriaonline.co\/shop\/wp-json\/wp\/v2\/product\/1798","targetHints":{"allow":["GET"]}}],"collection":[{"href":"https:\/\/lamascoteriaonline.co\/shop\/wp-json\/wp\/v2\/product"}],"about":[{"href":"https:\/\/lamascoteriaonline.co\/shop\/wp-json\/wp\/v2\/types\/product"}],"replies":[{"embeddable":true,"href":"https:\/\/lamascoteriaonline.co\/shop\/wp-json\/wp\/v2\/comments?post=1798"}],"wp:featuredmedia":[{"embeddable":true,"href":"https:\/\/lamascoteriaonline.co\/shop\/wp-json\/wp\/v2\/media\/2613"}],"wp:attachment":[{"href":"https:\/\/lamascoteriaonline.co\/shop\/wp-json\/wp\/v2\/media?parent=1798"}],"wp:term":[{"taxonomy":"product_brand","embeddable":true,"href":"https:\/\/lamascoteriaonline.co\/shop\/wp-json\/wp\/v2\/product_brand?post=1798"},{"taxonomy":"product_cat","embeddable":true,"href":"https:\/\/lamascoteriaonline.co\/shop\/wp-json\/wp\/v2\/product_cat?post=1798"},{"taxonomy":"product_tag","embeddable":true,"href":"https:\/\/lamascoteriaonline.co\/shop\/wp-json\/wp\/v2\/product_tag?post=1798"}],"curies":[{"name":"wp","href":"https:\/\/api.w.org\/{rel}","templated":true}]}}