{"id":1775,"date":"2018-11-21T15:25:49","date_gmt":"2018-11-21T15:25:49","guid":{"rendered":"http:\/\/lamascoteriaonline.co\/shop\/?post_type=product&#038;p=1775"},"modified":"2023-06-03T15:42:04","modified_gmt":"2023-06-03T15:42:04","slug":"nutranuggets-profesional-2","status":"publish","type":"product","link":"https:\/\/lamascoteriaonline.co\/shop\/product\/nutranuggets-profesional-2\/","title":{"rendered":"Nutranuggets Profesional Gato"},"content":{"rendered":"<h6 id=\"tw-target-text\" class=\"tw-data-text tw-text-large tw-ta\" dir=\"ltr\" data-placeholder=\"Traducci\u00f3n\"><span class=\"Y2IQFc\" lang=\"es\">Formulado para satisfacer las necesidades de gatas activas y gatas adultas gestantes o lactantes Rico en prote\u00ednas y grasas para mantener los niveles de energ\u00eda. Altamente digerible, magnesio controlado y pH balanceado Equilibrio adecuado de \u00e1cidos grasos omega-3 y omega-6 para una piel y un pelaje sanos Prote\u00edna: 32% Grasa: 21% Calor\u00edas: 4.040 kcal\/kg (378 kcal\/taza) EM calculado<\/span><\/h6>\n","protected":false},"excerpt":{"rendered":"<p>Formulado para satisfacer las necesidades de gatas activas y gatas adultas gestantes o lactantes Rico en prote\u00ednas y grasas para mantener los niveles de energ\u00eda. Altamente digerible, magnesio controlado y pH balanceado Equilibrio adecuado de \u00e1cidos grasos omega-3 y omega-6 para una piel y un pelaje sanos Prote\u00edna: 32% Grasa: 21% Calor\u00edas: 4.040 kcal\/kg (378 [&hellip;]<\/p>\n","protected":false},"featured_media":1776,"comment_status":"open","ping_status":"closed","template":"","meta":{"_et_pb_use_builder":"","_et_pb_old_content":"","_et_gb_content_width":"","_joinchat":[]},"product_brand":[],"product_cat":[72],"product_tag":[],"class_list":{"0":"post-1775","1":"product","2":"type-product","3":"status-publish","4":"has-post-thumbnail","6":"product_cat-nutranuggets-gatos","8":"first","9":"instock","10":"shipping-taxable","11":"purchasable","12":"product-type-variable"},"_links":{"self":[{"href":"https:\/\/lamascoteriaonline.co\/shop\/wp-json\/wp\/v2\/product\/1775","targetHints":{"allow":["GET"]}}],"collection":[{"href":"https:\/\/lamascoteriaonline.co\/shop\/wp-json\/wp\/v2\/product"}],"about":[{"href":"https:\/\/lamascoteriaonline.co\/shop\/wp-json\/wp\/v2\/types\/product"}],"replies":[{"embeddable":true,"href":"https:\/\/lamascoteriaonline.co\/shop\/wp-json\/wp\/v2\/comments?post=1775"}],"wp:featuredmedia":[{"embeddable":true,"href":"https:\/\/lamascoteriaonline.co\/shop\/wp-json\/wp\/v2\/media\/1776"}],"wp:attachment":[{"href":"https:\/\/lamascoteriaonline.co\/shop\/wp-json\/wp\/v2\/media?parent=1775"}],"wp:term":[{"taxonomy":"product_brand","embeddable":true,"href":"https:\/\/lamascoteriaonline.co\/shop\/wp-json\/wp\/v2\/product_brand?post=1775"},{"taxonomy":"product_cat","embeddable":true,"href":"https:\/\/lamascoteriaonline.co\/shop\/wp-json\/wp\/v2\/product_cat?post=1775"},{"taxonomy":"product_tag","embeddable":true,"href":"https:\/\/lamascoteriaonline.co\/shop\/wp-json\/wp\/v2\/product_tag?post=1775"}],"curies":[{"name":"wp","href":"https:\/\/api.w.org\/{rel}","templated":true}]}}