{"id":1751,"date":"2018-11-21T14:15:30","date_gmt":"2018-11-21T14:15:30","guid":{"rendered":"http:\/\/lamascoteriaonline.co\/shop\/?post_type=product&#038;p=1751"},"modified":"2023-06-28T19:48:53","modified_gmt":"2023-06-28T19:48:53","slug":"hills-kitten","status":"publish","type":"product","link":"https:\/\/lamascoteriaonline.co\/shop\/product\/hills-kitten\/","title":{"rendered":"Hills Kitten"},"content":{"rendered":"<p>Hill&#8217;s\u00ae\u00a0<span class=\"nowrap\">Ciencia Diet\u00ae<\/span>\u00a0Kitten comida para gatos Desarrollo saludable proporciona precisamente equilibrado, f\u00e1cil de digerir la nutrici\u00f3n para los gatitos en crecimiento.<\/p>\n<ul>\n<li>Es compatible con el desarrollo del cerebro y del ojo sano<\/li>\n<li>Se ha demostrado cl\u00ednicamente beneficios antioxidantes<\/li>\n<li>Sin colorantes artificiales, sabores o conservantes<\/li>\n<\/ul>\n","protected":false},"excerpt":{"rendered":"<p>Hill&#8217;s\u00ae\u00a0Ciencia Diet\u00ae\u00a0Kitten comida para gatos Desarrollo saludable proporciona precisamente equilibrado, f\u00e1cil de digerir la nutrici\u00f3n para los gatitos en crecimiento. Es compatible con el desarrollo del cerebro y del ojo sano Se ha demostrado cl\u00ednicamente beneficios antioxidantes Sin colorantes artificiales, sabores o conservantes<\/p>\n","protected":false},"featured_media":3815,"comment_status":"open","ping_status":"closed","template":"","meta":{"_et_pb_use_builder":"","_et_pb_old_content":"","_et_gb_content_width":"","_joinchat":[]},"product_brand":[],"product_cat":[71],"product_tag":[],"class_list":{"0":"post-1751","1":"product","2":"type-product","3":"status-publish","4":"has-post-thumbnail","6":"product_cat-hills-gatos","8":"first","9":"instock","10":"shipping-taxable","11":"purchasable","12":"product-type-variable"},"_links":{"self":[{"href":"https:\/\/lamascoteriaonline.co\/shop\/wp-json\/wp\/v2\/product\/1751","targetHints":{"allow":["GET"]}}],"collection":[{"href":"https:\/\/lamascoteriaonline.co\/shop\/wp-json\/wp\/v2\/product"}],"about":[{"href":"https:\/\/lamascoteriaonline.co\/shop\/wp-json\/wp\/v2\/types\/product"}],"replies":[{"embeddable":true,"href":"https:\/\/lamascoteriaonline.co\/shop\/wp-json\/wp\/v2\/comments?post=1751"}],"wp:featuredmedia":[{"embeddable":true,"href":"https:\/\/lamascoteriaonline.co\/shop\/wp-json\/wp\/v2\/media\/3815"}],"wp:attachment":[{"href":"https:\/\/lamascoteriaonline.co\/shop\/wp-json\/wp\/v2\/media?parent=1751"}],"wp:term":[{"taxonomy":"product_brand","embeddable":true,"href":"https:\/\/lamascoteriaonline.co\/shop\/wp-json\/wp\/v2\/product_brand?post=1751"},{"taxonomy":"product_cat","embeddable":true,"href":"https:\/\/lamascoteriaonline.co\/shop\/wp-json\/wp\/v2\/product_cat?post=1751"},{"taxonomy":"product_tag","embeddable":true,"href":"https:\/\/lamascoteriaonline.co\/shop\/wp-json\/wp\/v2\/product_tag?post=1751"}],"curies":[{"name":"wp","href":"https:\/\/api.w.org\/{rel}","templated":true}]}}