{"id":1637,"date":"2018-11-20T00:35:39","date_gmt":"2018-11-20T00:35:39","guid":{"rendered":"http:\/\/lamascoteriaonline.co\/shop\/?post_type=product&#038;p=1637"},"modified":"2024-09-03T14:41:38","modified_gmt":"2024-09-03T14:41:38","slug":"equilibrio-filhotes-raza-grande","status":"publish","type":"product","link":"https:\/\/lamascoteriaonline.co\/shop\/product\/equilibrio-filhotes-raza-grande\/","title":{"rendered":"Equilibrio Cachorro Raza Grande 15 kilos"},"content":{"rendered":"<p>Alimento completo para perros cachorros de razas grandes y gigantes: razas grandes de 2 meses hasta 18 meses de vida y razas gigantes de 2 meses hasta 24 meses de vida.<\/p>\n<ul>\n<li>Contribuye a unas articulaciones saludables: Con la acci\u00f3n de sulfato de condroitina y el sulfato de glucosamina.<\/li>\n<li>Reducci\u00f3n del olor de las heces: Tras la acci\u00f3n de la Yucca schidigera.<\/li>\n<li>Mejor tr\u00e1nsito intestinal: Provee prebi\u00f3ticos y probi\u00f3ticos activos.<\/li>\n<\/ul>\n","protected":false},"excerpt":{"rendered":"<p>Alimento completo para perros cachorros de razas grandes y gigantes: razas grandes de 2 meses hasta 18 meses de vida y razas gigantes de 2 meses hasta 24 meses de vida. Contribuye a unas articulaciones saludables: Con la acci\u00f3n de sulfato de condroitina y el sulfato de glucosamina. Reducci\u00f3n del olor de las heces: Tras [&hellip;]<\/p>\n","protected":false},"featured_media":2480,"comment_status":"open","ping_status":"closed","template":"","meta":{"_et_pb_use_builder":"","_et_pb_old_content":"","_et_gb_content_width":"","_joinchat":[]},"product_brand":[],"product_cat":[67],"product_tag":[],"class_list":{"0":"post-1637","1":"product","2":"type-product","3":"status-publish","4":"has-post-thumbnail","6":"product_cat-equilibrio","8":"first","9":"instock","10":"shipping-taxable","11":"purchasable","12":"product-type-simple"},"_links":{"self":[{"href":"https:\/\/lamascoteriaonline.co\/shop\/wp-json\/wp\/v2\/product\/1637","targetHints":{"allow":["GET"]}}],"collection":[{"href":"https:\/\/lamascoteriaonline.co\/shop\/wp-json\/wp\/v2\/product"}],"about":[{"href":"https:\/\/lamascoteriaonline.co\/shop\/wp-json\/wp\/v2\/types\/product"}],"replies":[{"embeddable":true,"href":"https:\/\/lamascoteriaonline.co\/shop\/wp-json\/wp\/v2\/comments?post=1637"}],"wp:featuredmedia":[{"embeddable":true,"href":"https:\/\/lamascoteriaonline.co\/shop\/wp-json\/wp\/v2\/media\/2480"}],"wp:attachment":[{"href":"https:\/\/lamascoteriaonline.co\/shop\/wp-json\/wp\/v2\/media?parent=1637"}],"wp:term":[{"taxonomy":"product_brand","embeddable":true,"href":"https:\/\/lamascoteriaonline.co\/shop\/wp-json\/wp\/v2\/product_brand?post=1637"},{"taxonomy":"product_cat","embeddable":true,"href":"https:\/\/lamascoteriaonline.co\/shop\/wp-json\/wp\/v2\/product_cat?post=1637"},{"taxonomy":"product_tag","embeddable":true,"href":"https:\/\/lamascoteriaonline.co\/shop\/wp-json\/wp\/v2\/product_tag?post=1637"}],"curies":[{"name":"wp","href":"https:\/\/api.w.org\/{rel}","templated":true}]}}