{"id":1568,"date":"2018-11-17T21:35:58","date_gmt":"2018-11-17T21:35:58","guid":{"rendered":"http:\/\/lamascoteriaonline.co\/shop\/?post_type=product&#038;p=1568"},"modified":"2024-01-21T15:03:51","modified_gmt":"2024-01-21T15:03:51","slug":"pro-plan-sensitive-con-optiderma","status":"publish","type":"product","link":"https:\/\/lamascoteriaonline.co\/shop\/product\/pro-plan-sensitive-con-optiderma\/","title":{"rendered":"Pro Plan Cat Sensitive 3 kg"},"content":{"rendered":"<div class=\"text\">Alimento completo y balanceado para gatos adultos.<\/div>\n<div class=\"detail\">Los gatos adultos pueden padecer ciertas intolerancias alimentarias, expresadas a trav\u00e9s de trastornos en la piel, manto piloso y sistema digestivo. Optiderma<sup>\u00ae<\/sup> es una tecnolog\u00eda exclusiva, con un n\u00famero limitado de fuentes de prote\u00edna para ayudar a disminuir las sensibilidades alimentarias.<\/div>\n","protected":false},"excerpt":{"rendered":"<p>Alimento completo y balanceado para gatos adultos. Los gatos adultos pueden padecer ciertas intolerancias alimentarias, expresadas a trav\u00e9s de trastornos en la piel, manto piloso y sistema digestivo. Optiderma\u00ae es una tecnolog\u00eda exclusiva, con un n\u00famero limitado de fuentes de prote\u00edna para ayudar a disminuir las sensibilidades alimentarias.<\/p>\n","protected":false},"featured_media":7945,"comment_status":"open","ping_status":"closed","template":"","meta":{"_et_pb_use_builder":"","_et_pb_old_content":"","_et_gb_content_width":"","_joinchat":[]},"product_brand":[],"product_cat":[49],"product_tag":[],"class_list":{"0":"post-1568","1":"product","2":"type-product","3":"status-publish","4":"has-post-thumbnail","6":"product_cat-proplan-gatos","8":"first","9":"instock","10":"shipping-taxable","11":"purchasable","12":"product-type-variable"},"_links":{"self":[{"href":"https:\/\/lamascoteriaonline.co\/shop\/wp-json\/wp\/v2\/product\/1568","targetHints":{"allow":["GET"]}}],"collection":[{"href":"https:\/\/lamascoteriaonline.co\/shop\/wp-json\/wp\/v2\/product"}],"about":[{"href":"https:\/\/lamascoteriaonline.co\/shop\/wp-json\/wp\/v2\/types\/product"}],"replies":[{"embeddable":true,"href":"https:\/\/lamascoteriaonline.co\/shop\/wp-json\/wp\/v2\/comments?post=1568"}],"wp:featuredmedia":[{"embeddable":true,"href":"https:\/\/lamascoteriaonline.co\/shop\/wp-json\/wp\/v2\/media\/7945"}],"wp:attachment":[{"href":"https:\/\/lamascoteriaonline.co\/shop\/wp-json\/wp\/v2\/media?parent=1568"}],"wp:term":[{"taxonomy":"product_brand","embeddable":true,"href":"https:\/\/lamascoteriaonline.co\/shop\/wp-json\/wp\/v2\/product_brand?post=1568"},{"taxonomy":"product_cat","embeddable":true,"href":"https:\/\/lamascoteriaonline.co\/shop\/wp-json\/wp\/v2\/product_cat?post=1568"},{"taxonomy":"product_tag","embeddable":true,"href":"https:\/\/lamascoteriaonline.co\/shop\/wp-json\/wp\/v2\/product_tag?post=1568"}],"curies":[{"name":"wp","href":"https:\/\/api.w.org\/{rel}","templated":true}]}}